{"id":16072,"date":"2025-06-02T15:52:33","date_gmt":"2025-06-02T15:52:33","guid":{"rendered":"https:\/\/ticosoftcr.com\/polykret-dev\/?page_id=16072"},"modified":"2025-09-01T22:29:49","modified_gmt":"2025-09-01T22:29:49","slug":"sika","status":"publish","type":"page","link":"https:\/\/ticosoftcr.com\/polykret-dev\/sika\/","title":{"rendered":"Sika"},"content":{"rendered":"\t\t<div data-elementor-type=\"wp-page\" data-elementor-id=\"16072\" class=\"elementor elementor-16072\">\n\t\t\t\t<div class=\"elementor-element elementor-element-beaa643 e-flex e-con-boxed parallax_section_no qode_elementor_container_no e-con e-parent\" data-id=\"beaa643\" data-element_type=\"container\">\n\t\t\t\t\t<div class=\"e-con-inner\">\n\t\t<div class=\"elementor-element elementor-element-727a43b e-con-full e-flex parallax_section_no qode_elementor_container_no e-con e-child\" data-id=\"727a43b\" data-element_type=\"container\">\n\t\t\t\t<div class=\"elementor-element elementor-element-ce89b73 elementor-widget elementor-widget-image\" data-id=\"ce89b73\" data-element_type=\"widget\" data-widget_type=\"image.default\">\n\t\t\t\t\t\t\t\t\t\t\t\t\t\t\t<img fetchpriority=\"high\" decoding=\"async\" width=\"235\" height=\"215\" src=\"https:\/\/ticosoftcr.com\/polykret-dev\/wp-content\/uploads\/2025\/08\/logo_sika.png\" class=\"attachment-large size-large wp-image-16157\" alt=\"logo_sika\" \/>\t\t\t\t\t\t\t\t\t\t\t\t\t\t\t<\/div>\n\t\t\t\t<\/div>\n\t\t<div class=\"elementor-element elementor-element-ba5e433 e-con-full e-flex parallax_section_no qode_elementor_container_no e-con e-child\" data-id=\"ba5e433\" data-element_type=\"container\">\n\t\t\t\t<div class=\"elementor-element elementor-element-4aa6100 elementor-widget elementor-widget-text-editor\" data-id=\"4aa6100\" data-element_type=\"widget\" data-widget_type=\"text-editor.default\">\n\t\t\t\t\t\t\t\t\t<p><strong data-start=\"108\" data-end=\"116\">SIKA<\/strong> es una marca global l\u00edder en soluciones qu\u00edmicas para la construcci\u00f3n y la industria, reconocida por su innovaci\u00f3n, calidad y durabilidad. Con m\u00e1s de 100 a\u00f1os de experiencia, ofrece productos de alto rendimiento para impermeabilizaci\u00f3n, pisos, adhesivos, morteros y protecci\u00f3n estructural. En Per\u00fa, cuenta con producci\u00f3n local y respaldo t\u00e9cnico especializado, garantizando soluciones confiables adaptadas a los desaf\u00edos del mercado nacional.<\/p>\t\t\t\t\t\t\t\t<\/div>\n\t\t\t\t<\/div>\n\t\t\t\t\t<\/div>\n\t\t\t\t<\/div>\n\t\t<div class=\"elementor-element elementor-element-baa3d8f e-flex e-con-boxed parallax_section_no qode_elementor_container_no e-con e-parent\" data-id=\"baa3d8f\" data-element_type=\"container\">\n\t\t\t\t\t<div class=\"e-con-inner\">\n\t\t\t\t<div class=\"elementor-element elementor-element-dfd6534 elementor-widget elementor-widget-bridge_blog_carousel_titled\" data-id=\"dfd6534\" data-element_type=\"widget\" data-widget_type=\"bridge_blog_carousel_titled.default\">\n\t\t\t\t<div class=\"elementor-widget-container\">\n\t\t\t\t\t<div class=\"qode-blog-carousel-titled\" >\n\t<div class=\"qode-bct-title-holder\" >\n\t\t<a class=\"qode-bct-caroufredsel-prev\" href=\"#\">\n\t\t\t<span class=\"qode-bct-caroufredsel-nav-inner\">\n\t\t\t\t<span class=\"qode-bct-caroufredsel-nav-icon-holder\">\n\t\t\t\t\t<span class=\"arrow_carrot-left\"><\/span>\n\t\t\t\t<\/span>\n\t\t\t<\/span>\n\t\t<\/a>\n\t\t\t\t\t\t\t\t<h3>\n\t\t\t\t\t\tProductos\t\t\t\t\t<\/h3>\n\t\t\t\t<a class=\"qode-bct-caroufredsel-next\" href=\"#\">\n\t\t<span class=\"qode-bct-caroufredsel-nav-inner\">\n\t\t\t<span class=\"qode-bct-caroufredsel-nav-icon-holder\">\n\t\t\t\t<span class=\"arrow_carrot-right\"><\/span>\n\t\t\t<\/span>\n\t\t<\/span>\n\t<\/a>\n\t<\/div>\n\t\t\t<div class=\"qode-bct-posts-holder\">\n\t\t<div class=\"qode-bct-posts\">\n\t\t\t\t\t\t\t\t\t\t\t\t<div class=\"qode-bct-post\">\n\t\t\t\t\t\t\t\t\t\t\t\t\t<div class=\"qode-bct-post-image\">\n\t\t\t\t\t\t\t\t<a href=\"https:\/\/ticosoftcr.com\/polykret-dev\/2025\/08\/05\/sikafloor%e2%80%9120-purcem\/\" itemprop=\"url\">\n\t\t\t\t\t\t\t\t\t<img decoding=\"async\" width=\"100\" height=\"100\" src=\"https:\/\/ticosoftcr.com\/polykret-dev\/wp-content\/uploads\/2025\/09\/Sikafloor\u201120-PurCem.jpeg\" class=\"attachment-full size-full wp-post-image\" alt=\"Sikafloor\u201120 PurCem\" \/>\t\t\t\t\t\t\t\t<\/a>\n\t\t\t\t\t\t\t<\/div>\n\t\t\t\t\t\t\t\t\t\t\t\t<div class=\"qode-bct-post-text\">\n\t\t\t\t\t\t\t<h3 class=\"qode-bct-post-title entry_title\" itemprop=\"name\">\n\t\t\t\t\t\t\t\t<a href=\"https:\/\/ticosoftcr.com\/polykret-dev\/2025\/08\/05\/sikafloor%e2%80%9120-purcem\/\" itemprop=\"url\">Sikafloor\u201120 PurCem<\/a>\n\t\t\t\t\t\t\t<\/h3>\n\t\t\t\t\t\t\t\t\t\t\t\t\t\t<p itemprop=\"description\" class = \"qode-bct-post-excerpt\"> Sikafloor\u00ae-20 PurCem\u00ae es un mortero autonivelante de tres componentes, formulado a base de poliuretano, cemento y agregados. Dise\u00f1ado para pisos de alto desempe\u00f1o, ofrece una superficie semilisa con resistencia moderada al deslizamiento, gran durabilidad y excelente resistencia a abrasi\u00f3n, impacto, agentes qu\u00edmicos y choques t\u00e9rmicos....<\/p>\n\t\t\t\t\t\t\t<div class=\"qode-bct-post-date entry_date updated\" itemprop=\"dateCreated\">\n\t\t\t\t\t\t\t\t05\/08\/2025\t\t\t\t\t\t\t\t<meta itemprop=\"interactionCount\" content=\"UserComments: 0\"\/>\n\t\t\t\t\t\t\t<\/div>\n\t\t\t\t\t\t<\/div>\n\t\t\t\t\t<\/div>\n\t\t\t\t\t\t\t\t\t\t\t\t<div class=\"qode-bct-post\">\n\t\t\t\t\t\t\t\t\t\t\t\t\t<div class=\"qode-bct-post-image\">\n\t\t\t\t\t\t\t\t<a href=\"https:\/\/ticosoftcr.com\/polykret-dev\/2025\/08\/05\/epoxico-multiproposito\/\" itemprop=\"url\">\n\t\t\t\t\t\t\t\t\t<img decoding=\"async\" width=\"100\" height=\"100\" src=\"https:\/\/ticosoftcr.com\/polykret-dev\/wp-content\/uploads\/2025\/08\/sika-Epoxico-Multiproposito.jpeg\" class=\"attachment-full size-full wp-post-image\" alt=\"sika Epoxico Multiprop\u00f3sito\" \/>\t\t\t\t\t\t\t\t<\/a>\n\t\t\t\t\t\t\t<\/div>\n\t\t\t\t\t\t\t\t\t\t\t\t<div class=\"qode-bct-post-text\">\n\t\t\t\t\t\t\t<h3 class=\"qode-bct-post-title entry_title\" itemprop=\"name\">\n\t\t\t\t\t\t\t\t<a href=\"https:\/\/ticosoftcr.com\/polykret-dev\/2025\/08\/05\/epoxico-multiproposito\/\" itemprop=\"url\">Sika Epoxico Multiprop\u00f3sito<\/a>\n\t\t\t\t\t\t\t<\/h3>\n\t\t\t\t\t\t\t\t\t\t\t\t\t\t<p itemprop=\"description\" class = \"qode-bct-post-excerpt\"> Descripci\u00f3n del producto Ep\u00f3xico Multiprop\u00f3sito es una resina ep\u00f3xica bicomponente 100% s\u00f3lidos, sin solventes y de baja viscosidad. Ofrece un excelente rendimiento costo-beneficio para imprimaciones, morteros de nivelaci\u00f3n y capas intermedias sobre concreto. Su versatilidad lo convierte en una soluci\u00f3n ideal para obras que exigen...<\/p>\n\t\t\t\t\t\t\t<div class=\"qode-bct-post-date entry_date updated\" itemprop=\"dateCreated\">\n\t\t\t\t\t\t\t\t05\/08\/2025\t\t\t\t\t\t\t\t<meta itemprop=\"interactionCount\" content=\"UserComments: 0\"\/>\n\t\t\t\t\t\t\t<\/div>\n\t\t\t\t\t\t<\/div>\n\t\t\t\t\t<\/div>\n\t\t\t\t\t<\/div>\n\t\t<\/div>\n\t<\/div>\t\t\t\t<\/div>\n\t\t\t\t<\/div>\n\t\t\t\t\t<\/div>\n\t\t\t\t<\/div>\n\t\t\t\t<\/div>\n\t\t","protected":false},"excerpt":{"rendered":"<p>SIKA es una marca global l\u00edder en soluciones qu\u00edmicas para la construcci\u00f3n y la industria, reconocida por su innovaci\u00f3n, calidad y durabilidad. Con m\u00e1s de 100 a\u00f1os de experiencia, ofrece productos de alto rendimiento para impermeabilizaci\u00f3n, pisos, adhesivos, morteros y protecci\u00f3n estructural. En Per\u00fa, cuenta&#8230;<\/p>\n","protected":false},"author":1,"featured_media":0,"parent":0,"menu_order":0,"comment_status":"closed","ping_status":"closed","template":"","meta":{"footnotes":""},"class_list":["post-16072","page","type-page","status-publish","hentry"],"aioseo_notices":[],"_links":{"self":[{"href":"https:\/\/ticosoftcr.com\/polykret-dev\/wp-json\/wp\/v2\/pages\/16072","targetHints":{"allow":["GET"]}}],"collection":[{"href":"https:\/\/ticosoftcr.com\/polykret-dev\/wp-json\/wp\/v2\/pages"}],"about":[{"href":"https:\/\/ticosoftcr.com\/polykret-dev\/wp-json\/wp\/v2\/types\/page"}],"author":[{"embeddable":true,"href":"https:\/\/ticosoftcr.com\/polykret-dev\/wp-json\/wp\/v2\/users\/1"}],"replies":[{"embeddable":true,"href":"https:\/\/ticosoftcr.com\/polykret-dev\/wp-json\/wp\/v2\/comments?post=16072"}],"version-history":[{"count":13,"href":"https:\/\/ticosoftcr.com\/polykret-dev\/wp-json\/wp\/v2\/pages\/16072\/revisions"}],"predecessor-version":[{"id":16389,"href":"https:\/\/ticosoftcr.com\/polykret-dev\/wp-json\/wp\/v2\/pages\/16072\/revisions\/16389"}],"wp:attachment":[{"href":"https:\/\/ticosoftcr.com\/polykret-dev\/wp-json\/wp\/v2\/media?parent=16072"}],"curies":[{"name":"wp","href":"https:\/\/api.w.org\/{rel}","templated":true}]}}