{"id":16077,"date":"2025-06-02T15:54:09","date_gmt":"2025-06-02T15:54:09","guid":{"rendered":"https:\/\/ticosoftcr.com\/polykret-dev\/?page_id=16077"},"modified":"2025-08-05T04:11:37","modified_gmt":"2025-08-05T04:11:37","slug":"mapei","status":"publish","type":"page","link":"https:\/\/ticosoftcr.com\/polykret-dev\/mapei\/","title":{"rendered":"Mapei"},"content":{"rendered":"\t\t<div data-elementor-type=\"wp-page\" data-elementor-id=\"16077\" class=\"elementor elementor-16077\">\n\t\t\t\t<div class=\"elementor-element elementor-element-62cd4e9 e-flex e-con-boxed parallax_section_no qode_elementor_container_no e-con e-parent\" data-id=\"62cd4e9\" data-element_type=\"container\">\n\t\t\t\t\t<div class=\"e-con-inner\">\n\t\t<div class=\"elementor-element elementor-element-7b54e70 e-con-full e-flex parallax_section_no qode_elementor_container_no e-con e-child\" data-id=\"7b54e70\" data-element_type=\"container\">\n\t\t\t\t<div class=\"elementor-element elementor-element-a1536f1 elementor-widget elementor-widget-image\" data-id=\"a1536f1\" data-element_type=\"widget\" data-widget_type=\"image.default\">\n\t\t\t\t\t\t\t\t\t\t\t\t\t\t\t<img fetchpriority=\"high\" decoding=\"async\" width=\"337\" height=\"286\" src=\"https:\/\/ticosoftcr.com\/polykret-dev\/wp-content\/uploads\/2025\/08\/logo_mapei.png\" class=\"attachment-large size-large wp-image-16161\" alt=\"logo_mapei\" srcset=\"https:\/\/ticosoftcr.com\/polykret-dev\/wp-content\/uploads\/2025\/08\/logo_mapei.png 337w, https:\/\/ticosoftcr.com\/polykret-dev\/wp-content\/uploads\/2025\/08\/logo_mapei-300x255.png 300w\" sizes=\"(max-width: 337px) 100vw, 337px\" \/>\t\t\t\t\t\t\t\t\t\t\t\t\t\t\t<\/div>\n\t\t\t\t<\/div>\n\t\t<div class=\"elementor-element elementor-element-f3b18dd e-con-full e-flex parallax_section_no qode_elementor_container_no e-con e-child\" data-id=\"f3b18dd\" data-element_type=\"container\">\n\t\t\t\t<div class=\"elementor-element elementor-element-b25f28a elementor-widget elementor-widget-text-editor\" data-id=\"b25f28a\" data-element_type=\"widget\" data-widget_type=\"text-editor.default\">\n\t\t\t\t\t\t\t\t\t<p><strong data-start=\"121\" data-end=\"130\">MAPEI<\/strong> es una empresa italiana l\u00edder mundial en la producci\u00f3n de adhesivos, selladores y productos qu\u00edmicos para la construcci\u00f3n. Fundada en 1937 en Mil\u00e1n, se ha consolidado como sin\u00f3nimo de innovaci\u00f3n, calidad y sostenibilidad, con presencia en m\u00e1s de 90 pa\u00edses. Sus soluciones abarcan desde instalaci\u00f3n de cer\u00e1mica y pisos resilientes hasta impermeabilizaci\u00f3n, reparaci\u00f3n estructural, pisos industriales y productos especiales para infraestructura. Con una fuerte apuesta por la investigaci\u00f3n y el desarrollo, MAPEI combina tecnolog\u00eda de vanguardia con responsabilidad ambiental para ofrecer sistemas de alto rendimiento adaptados a los m\u00e1s exigentes est\u00e1ndares del mercado de la construcci\u00f3n.<\/p>\t\t\t\t\t\t\t\t<\/div>\n\t\t\t\t<\/div>\n\t\t\t\t\t<\/div>\n\t\t\t\t<\/div>\n\t\t<div class=\"elementor-element elementor-element-4dd1a7d e-flex e-con-boxed parallax_section_no qode_elementor_container_no e-con e-parent\" data-id=\"4dd1a7d\" data-element_type=\"container\">\n\t\t\t\t\t<div class=\"e-con-inner\">\n\t\t\t\t<div class=\"elementor-element elementor-element-be68d86 elementor-widget elementor-widget-bridge_blog_carousel_titled\" data-id=\"be68d86\" data-element_type=\"widget\" data-widget_type=\"bridge_blog_carousel_titled.default\">\n\t\t\t\t<div class=\"elementor-widget-container\">\n\t\t\t\t\t<div class=\"qode-blog-carousel-titled\" >\n\t<div class=\"qode-bct-title-holder\" >\n\t\t<a class=\"qode-bct-caroufredsel-prev\" href=\"#\">\n\t\t\t<span class=\"qode-bct-caroufredsel-nav-inner\">\n\t\t\t\t<span class=\"qode-bct-caroufredsel-nav-icon-holder\">\n\t\t\t\t\t<span class=\"arrow_carrot-left\"><\/span>\n\t\t\t\t<\/span>\n\t\t\t<\/span>\n\t\t<\/a>\n\t\t\t\t\t\t\t\t<h3>\n\t\t\t\t\t\tProductos\t\t\t\t\t<\/h3>\n\t\t\t\t<a class=\"qode-bct-caroufredsel-next\" href=\"#\">\n\t\t<span class=\"qode-bct-caroufredsel-nav-inner\">\n\t\t\t<span class=\"qode-bct-caroufredsel-nav-icon-holder\">\n\t\t\t\t<span class=\"arrow_carrot-right\"><\/span>\n\t\t\t<\/span>\n\t\t<\/span>\n\t<\/a>\n\t<\/div>\n\t\t\t<div class=\"qode-bct-posts-holder\">\n\t\t<div class=\"qode-bct-posts\">\n\t\t\t\t\t\t\t\t\t\t\t\t<div class=\"qode-bct-post\">\n\t\t\t\t\t\t\t\t\t\t\t\t<div class=\"qode-bct-post-text\">\n\t\t\t\t\t\t\t<h3 class=\"qode-bct-post-title entry_title\" itemprop=\"name\">\n\t\t\t\t\t\t\t\t<a href=\"https:\/\/ticosoftcr.com\/polykret-dev\/2025\/08\/05\/primer-sn\/\" itemprop=\"url\">Primer SN<\/a>\n\t\t\t\t\t\t\t<\/h3>\n\t\t\t\t\t\t\t\t\t\t\t\t\t\t<p itemprop=\"description\" class = \"qode-bct-post-excerpt\"> Primer SN es un imprimador ep\u00f3xico bicomponente con cargas, especialmente formulado para el tratamiento preliminar de superficies de concreto y soportes cementosos antes de la aplicaci\u00f3n de sistemas de resinas epox\u00eddicas o de poliuretano de la l\u00ednea Mapefloor, as\u00ed como de sistemas autonivelantes cementosos Ultratop...<\/p>\n\t\t\t\t\t\t\t<div class=\"qode-bct-post-date entry_date updated\" itemprop=\"dateCreated\">\n\t\t\t\t\t\t\t\t05\/08\/2025\t\t\t\t\t\t\t\t<meta itemprop=\"interactionCount\" content=\"UserComments: 0\"\/>\n\t\t\t\t\t\t\t<\/div>\n\t\t\t\t\t\t<\/div>\n\t\t\t\t\t<\/div>\n\t\t\t\t\t\t\t\t\t\t\t\t<div class=\"qode-bct-post\">\n\t\t\t\t\t\t\t\t\t\t\t\t<div class=\"qode-bct-post-text\">\n\t\t\t\t\t\t\t<h3 class=\"qode-bct-post-title entry_title\" itemprop=\"name\">\n\t\t\t\t\t\t\t\t<a href=\"https:\/\/ticosoftcr.com\/polykret-dev\/2025\/08\/05\/mapefloor-i300-sl\/\" itemprop=\"url\">Mapefloor I300 SL<\/a>\n\t\t\t\t\t\t\t<\/h3>\n\t\t\t\t\t\t\t\t\t\t\t\t\t\t<p itemprop=\"description\" class = \"qode-bct-post-excerpt\"> Mapefloor I 300 SL es un revestimiento ep\u00f3xico bicomponente, autonivelante o multicapa, con alto contenido de s\u00f3lidos y libre de nonilfenol, dise\u00f1ado para proteger y embellecer pisos industriales expuestos a tr\u00e1fico, productos qu\u00edmicos y desgaste. Su formulaci\u00f3n cumple con normativas internacionales para contacto con alimentos,...<\/p>\n\t\t\t\t\t\t\t<div class=\"qode-bct-post-date entry_date updated\" itemprop=\"dateCreated\">\n\t\t\t\t\t\t\t\t05\/08\/2025\t\t\t\t\t\t\t\t<meta itemprop=\"interactionCount\" content=\"UserComments: 0\"\/>\n\t\t\t\t\t\t\t<\/div>\n\t\t\t\t\t\t<\/div>\n\t\t\t\t\t<\/div>\n\t\t\t\t\t\t\t\t\t\t\t\t<div class=\"qode-bct-post\">\n\t\t\t\t\t\t\t\t\t\t\t\t<div class=\"qode-bct-post-text\">\n\t\t\t\t\t\t\t<h3 class=\"qode-bct-post-title entry_title\" itemprop=\"name\">\n\t\t\t\t\t\t\t\t<a href=\"https:\/\/ticosoftcr.com\/polykret-dev\/2025\/08\/05\/mapefloor-finish-58-w\/\" itemprop=\"url\">Mapefloor Finish 58 W<\/a>\n\t\t\t\t\t\t\t<\/h3>\n\t\t\t\t\t\t\t\t\t\t\t\t\t\t<p itemprop=\"description\" class = \"qode-bct-post-excerpt\"> Mapefloor Finish 58 W es un acabado poliuret\u00e1nico alif\u00e1tico bicomponente, en base acuosa, transparente y mate, desarrollado para proteger superficies de concreto y revestimientos de resina o cementosos. Gracias a su formulaci\u00f3n avanzada, mejora la resistencia al desgaste, reduce la retenci\u00f3n de suciedad y facilita...<\/p>\n\t\t\t\t\t\t\t<div class=\"qode-bct-post-date entry_date updated\" itemprop=\"dateCreated\">\n\t\t\t\t\t\t\t\t05\/08\/2025\t\t\t\t\t\t\t\t<meta itemprop=\"interactionCount\" content=\"UserComments: 0\"\/>\n\t\t\t\t\t\t\t<\/div>\n\t\t\t\t\t\t<\/div>\n\t\t\t\t\t<\/div>\n\t\t\t\t\t\t\t\t\t\t\t\t<div class=\"qode-bct-post\">\n\t\t\t\t\t\t\t\t\t\t\t\t<div class=\"qode-bct-post-text\">\n\t\t\t\t\t\t\t<h3 class=\"qode-bct-post-title entry_title\" itemprop=\"name\">\n\t\t\t\t\t\t\t\t<a href=\"https:\/\/ticosoftcr.com\/polykret-dev\/2025\/08\/05\/mapeflex-pu40\/\" itemprop=\"url\">Mapeflex PU40<\/a>\n\t\t\t\t\t\t\t<\/h3>\n\t\t\t\t\t\t\t\t\t\t\t\t\t\t<p itemprop=\"description\" class = \"qode-bct-post-excerpt\"> Mapeflex PU40 es un sellante poliuret\u00e1nico monocomponente, tixotr\u00f3pico y de bajo m\u00f3dulo el\u00e1stico, dise\u00f1ado espec\u00edficamente para el sellado de juntas de dilataci\u00f3n y fraccionamiento en superficies tanto horizontales como verticales. Se endurece por reacci\u00f3n con la humedad del ambiente, formando un material el\u00e1stico, resistente al...<\/p>\n\t\t\t\t\t\t\t<div class=\"qode-bct-post-date entry_date updated\" itemprop=\"dateCreated\">\n\t\t\t\t\t\t\t\t05\/08\/2025\t\t\t\t\t\t\t\t<meta itemprop=\"interactionCount\" content=\"UserComments: 0\"\/>\n\t\t\t\t\t\t\t<\/div>\n\t\t\t\t\t\t<\/div>\n\t\t\t\t\t<\/div>\n\t\t\t\t\t\t\t\t\t\t\t\t<div class=\"qode-bct-post\">\n\t\t\t\t\t\t\t\t\t\t\t\t<div class=\"qode-bct-post-text\">\n\t\t\t\t\t\t\t<h3 class=\"qode-bct-post-title entry_title\" itemprop=\"name\">\n\t\t\t\t\t\t\t\t<a href=\"https:\/\/ticosoftcr.com\/polykret-dev\/2025\/08\/05\/mapecure-e\/\" itemprop=\"url\">Mapecure E<\/a>\n\t\t\t\t\t\t\t<\/h3>\n\t\t\t\t\t\t\t\t\t\t\t\t\t\t<p itemprop=\"description\" class = \"qode-bct-post-excerpt\"> Mapecure E es un agente de curado en emulsi\u00f3n acuosa formulado para proteger el hormig\u00f3n fresco de la evaporaci\u00f3n prematura del agua, especialmente en condiciones de calor, viento o exposici\u00f3n solar intensa. Forma una pel\u00edcula continua, ligeramente el\u00e1stica e impermeable que mejora significativamente las propiedades...<\/p>\n\t\t\t\t\t\t\t<div class=\"qode-bct-post-date entry_date updated\" itemprop=\"dateCreated\">\n\t\t\t\t\t\t\t\t05\/08\/2025\t\t\t\t\t\t\t\t<meta itemprop=\"interactionCount\" content=\"UserComments: 0\"\/>\n\t\t\t\t\t\t\t<\/div>\n\t\t\t\t\t\t<\/div>\n\t\t\t\t\t<\/div>\n\t\t\t\t\t\t\t\t\t\t\t\t<div class=\"qode-bct-post\">\n\t\t\t\t\t\t\t\t\t\t\t\t<div class=\"qode-bct-post-text\">\n\t\t\t\t\t\t\t<h3 class=\"qode-bct-post-title entry_title\" itemprop=\"name\">\n\t\t\t\t\t\t\t\t<a href=\"https:\/\/ticosoftcr.com\/polykret-dev\/2025\/08\/05\/mapecolor-cpu\/\" itemprop=\"url\">Mapecolor CPU<\/a>\n\t\t\t\t\t\t\t<\/h3>\n\t\t\t\t\t\t\t\t\t\t\t\t\t\t<p itemprop=\"description\" class = \"qode-bct-post-excerpt\"> Mapecolor CPU es un pigmento en polvo dise\u00f1ado para colorear sistemas de pavimentos de poliuretano-cemento de la l\u00ednea Mapefloor CPU: RT, HD, NZ y MF. Su f\u00f3rmula contiene pigmentos minerales y agregados seleccionados que garantizan una coloraci\u00f3n homog\u00e9nea, duradera y resistente en entornos industriales exigentes....<\/p>\n\t\t\t\t\t\t\t<div class=\"qode-bct-post-date entry_date updated\" itemprop=\"dateCreated\">\n\t\t\t\t\t\t\t\t05\/08\/2025\t\t\t\t\t\t\t\t<meta itemprop=\"interactionCount\" content=\"UserComments: 0\"\/>\n\t\t\t\t\t\t\t<\/div>\n\t\t\t\t\t\t<\/div>\n\t\t\t\t\t<\/div>\n\t\t\t\t\t\t\t\t\t\t\t\t<div class=\"qode-bct-post\">\n\t\t\t\t\t\t\t\t\t\t\t\t<div class=\"qode-bct-post-text\">\n\t\t\t\t\t\t\t<h3 class=\"qode-bct-post-title entry_title\" itemprop=\"name\">\n\t\t\t\t\t\t\t\t<a href=\"https:\/\/ticosoftcr.com\/polykret-dev\/2025\/08\/05\/mapecoat-i24\/\" itemprop=\"url\">Mapecoat I24<\/a>\n\t\t\t\t\t\t\t<\/h3>\n\t\t\t\t\t\t\t\t\t\t\t\t\t\t<p itemprop=\"description\" class = \"qode-bct-post-excerpt\"> Mapecoat I 24 es una pintura epox\u00eddica bicomponente de alto desempe\u00f1o, formulada con resinas epox\u00eddicas y pigmentos especiales para el revestimiento protector anti\u00e1cido de superficies de concreto. Brinda una excelente resistencia qu\u00edmica frente a \u00e1cidos, \u00e1lcalis, sales, aceites, hidrocarburos y disolventes, as\u00ed como a la...<\/p>\n\t\t\t\t\t\t\t<div class=\"qode-bct-post-date entry_date updated\" itemprop=\"dateCreated\">\n\t\t\t\t\t\t\t\t05\/08\/2025\t\t\t\t\t\t\t\t<meta itemprop=\"interactionCount\" content=\"UserComments: 0\"\/>\n\t\t\t\t\t\t\t<\/div>\n\t\t\t\t\t\t<\/div>\n\t\t\t\t\t<\/div>\n\t\t\t\t\t<\/div>\n\t\t<\/div>\n\t<\/div>\t\t\t\t<\/div>\n\t\t\t\t<\/div>\n\t\t\t\t\t<\/div>\n\t\t\t\t<\/div>\n\t\t\t\t<\/div>\n\t\t","protected":false},"excerpt":{"rendered":"<p>MAPEI es una empresa italiana l\u00edder mundial en la producci\u00f3n de adhesivos, selladores y productos qu\u00edmicos para la construcci\u00f3n. Fundada en 1937 en Mil\u00e1n, se ha consolidado como sin\u00f3nimo de innovaci\u00f3n, calidad y sostenibilidad, con presencia en m\u00e1s de 90 pa\u00edses. Sus soluciones abarcan desde&#8230;<\/p>\n","protected":false},"author":1,"featured_media":0,"parent":0,"menu_order":0,"comment_status":"closed","ping_status":"closed","template":"","meta":{"footnotes":""},"class_list":["post-16077","page","type-page","status-publish","hentry"],"aioseo_notices":[],"_links":{"self":[{"href":"https:\/\/ticosoftcr.com\/polykret-dev\/wp-json\/wp\/v2\/pages\/16077","targetHints":{"allow":["GET"]}}],"collection":[{"href":"https:\/\/ticosoftcr.com\/polykret-dev\/wp-json\/wp\/v2\/pages"}],"about":[{"href":"https:\/\/ticosoftcr.com\/polykret-dev\/wp-json\/wp\/v2\/types\/page"}],"author":[{"embeddable":true,"href":"https:\/\/ticosoftcr.com\/polykret-dev\/wp-json\/wp\/v2\/users\/1"}],"replies":[{"embeddable":true,"href":"https:\/\/ticosoftcr.com\/polykret-dev\/wp-json\/wp\/v2\/comments?post=16077"}],"version-history":[{"count":7,"href":"https:\/\/ticosoftcr.com\/polykret-dev\/wp-json\/wp\/v2\/pages\/16077\/revisions"}],"predecessor-version":[{"id":16254,"href":"https:\/\/ticosoftcr.com\/polykret-dev\/wp-json\/wp\/v2\/pages\/16077\/revisions\/16254"}],"wp:attachment":[{"href":"https:\/\/ticosoftcr.com\/polykret-dev\/wp-json\/wp\/v2\/media?parent=16077"}],"curies":[{"name":"wp","href":"https:\/\/api.w.org\/{rel}","templated":true}]}}