{"id":16097,"date":"2025-08-05T01:09:18","date_gmt":"2025-08-05T01:09:18","guid":{"rendered":"https:\/\/ticosoftcr.com\/polykret-dev\/?page_id=16097"},"modified":"2025-08-05T04:17:12","modified_gmt":"2025-08-05T04:17:12","slug":"sherwin-williams","status":"publish","type":"page","link":"https:\/\/ticosoftcr.com\/polykret-dev\/sherwin-williams\/","title":{"rendered":"Sherwin Williams"},"content":{"rendered":"\t\t<div data-elementor-type=\"wp-page\" data-elementor-id=\"16097\" class=\"elementor elementor-16097\">\n\t\t\t\t<div class=\"elementor-element elementor-element-223df56 e-flex e-con-boxed parallax_section_no qode_elementor_container_no e-con e-parent\" data-id=\"223df56\" data-element_type=\"container\">\n\t\t\t\t\t<div class=\"e-con-inner\">\n\t\t<div class=\"elementor-element elementor-element-53d2e54 e-con-full e-flex parallax_section_no qode_elementor_container_no e-con e-child\" data-id=\"53d2e54\" data-element_type=\"container\">\n\t\t\t\t<div class=\"elementor-element elementor-element-ed05ebb elementor-widget elementor-widget-image\" data-id=\"ed05ebb\" data-element_type=\"widget\" data-widget_type=\"image.default\">\n\t\t\t\t\t\t\t\t\t\t\t\t\t\t\t<img fetchpriority=\"high\" decoding=\"async\" width=\"540\" height=\"300\" src=\"https:\/\/ticosoftcr.com\/polykret-dev\/wp-content\/uploads\/2025\/08\/logo_SW.jpg\" class=\"attachment-large size-large wp-image-16181\" alt=\"logo_SW\" srcset=\"https:\/\/ticosoftcr.com\/polykret-dev\/wp-content\/uploads\/2025\/08\/logo_SW.jpg 540w, https:\/\/ticosoftcr.com\/polykret-dev\/wp-content\/uploads\/2025\/08\/logo_SW-300x167.jpg 300w\" sizes=\"(max-width: 540px) 100vw, 540px\" \/>\t\t\t\t\t\t\t\t\t\t\t\t\t\t\t<\/div>\n\t\t\t\t<\/div>\n\t\t<div class=\"elementor-element elementor-element-6fbde63 e-con-full e-flex parallax_section_no qode_elementor_container_no e-con e-child\" data-id=\"6fbde63\" data-element_type=\"container\">\n\t\t\t\t<div class=\"elementor-element elementor-element-50d9df6 elementor-widget elementor-widget-text-editor\" data-id=\"50d9df6\" data-element_type=\"widget\" data-widget_type=\"text-editor.default\">\n\t\t\t\t\t\t\t\t\t<p><strong data-start=\"155\" data-end=\"175\">Sherwin-Williams<\/strong> es una empresa global l\u00edder en soluciones de recubrimientos, pinturas industriales y protectores de superficies. Fundada en 1866 en Estados Unidos, est\u00e1 presente en m\u00e1s de 120 pa\u00edses, ofreciendo productos de alto desempe\u00f1o para sectores como la construcci\u00f3n, industria, infraestructura y energ\u00eda. Reconocida por su innovaci\u00f3n, durabilidad y respaldo t\u00e9cnico, Sherwin-Williams es sin\u00f3nimo de calidad en sistemas de protecci\u00f3n anticorrosiva, pisos industriales, impermeabilizantes y acabados decorativos, adaptados a las exigencias de cada proyecto y entorno.<\/p>\t\t\t\t\t\t\t\t<\/div>\n\t\t\t\t<\/div>\n\t\t\t\t\t<\/div>\n\t\t\t\t<\/div>\n\t\t<div class=\"elementor-element elementor-element-c4d066d e-flex e-con-boxed parallax_section_no qode_elementor_container_no e-con e-parent\" data-id=\"c4d066d\" data-element_type=\"container\">\n\t\t\t\t\t<div class=\"e-con-inner\">\n\t\t\t\t<div class=\"elementor-element elementor-element-a74c146 elementor-widget elementor-widget-bridge_blog_carousel_titled\" data-id=\"a74c146\" data-element_type=\"widget\" data-widget_type=\"bridge_blog_carousel_titled.default\">\n\t\t\t\t<div class=\"elementor-widget-container\">\n\t\t\t\t\t<div class=\"qode-blog-carousel-titled\" >\n\t<div class=\"qode-bct-title-holder\" >\n\t\t<a class=\"qode-bct-caroufredsel-prev\" href=\"#\">\n\t\t\t<span class=\"qode-bct-caroufredsel-nav-inner\">\n\t\t\t\t<span class=\"qode-bct-caroufredsel-nav-icon-holder\">\n\t\t\t\t\t<span class=\"arrow_carrot-left\"><\/span>\n\t\t\t\t<\/span>\n\t\t\t<\/span>\n\t\t<\/a>\n\t\t\t\t\t\t\t\t<h3>\n\t\t\t\t\t\tProductos\t\t\t\t\t<\/h3>\n\t\t\t\t<a class=\"qode-bct-caroufredsel-next\" href=\"#\">\n\t\t<span class=\"qode-bct-caroufredsel-nav-inner\">\n\t\t\t<span class=\"qode-bct-caroufredsel-nav-icon-holder\">\n\t\t\t\t<span class=\"arrow_carrot-right\"><\/span>\n\t\t\t<\/span>\n\t\t<\/span>\n\t<\/a>\n\t<\/div>\n\t\t\t<div class=\"qode-bct-posts-holder\">\n\t\t<div class=\"qode-bct-posts\">\n\t\t\t\t\t\t\t\t\t\t\t\t<div class=\"qode-bct-post\">\n\t\t\t\t\t\t\t\t\t\t\t\t<div class=\"qode-bct-post-text\">\n\t\t\t\t\t\t\t<h3 class=\"qode-bct-post-title entry_title\" itemprop=\"name\">\n\t\t\t\t\t\t\t\t<a href=\"https:\/\/ticosoftcr.com\/polykret-dev\/2025\/08\/05\/excello-weather-perfect\/\" itemprop=\"url\">Excello Weather Perfect<\/a>\n\t\t\t\t\t\t\t<\/h3>\n\t\t\t\t\t\t\t\t\t\t\t\t\t\t<p itemprop=\"description\" class = \"qode-bct-post-excerpt\"> Excello\u00ae Weather Perfect L\u00e1tex Mate es una pintura 100% acr\u00edlica de alto desempe\u00f1o, especialmente dise\u00f1ada para proteger y embellecer superficies exteriores. Ofrece una excelente resistencia a hongos, algas y l\u00edquenes, con gran durabilidad, alta retenci\u00f3n de color y acabado profesional. Su f\u00f3rmula ecol\u00f3gica, libre de...<\/p>\n\t\t\t\t\t\t\t<div class=\"qode-bct-post-date entry_date updated\" itemprop=\"dateCreated\">\n\t\t\t\t\t\t\t\t05\/08\/2025\t\t\t\t\t\t\t\t<meta itemprop=\"interactionCount\" content=\"UserComments: 0\"\/>\n\t\t\t\t\t\t\t<\/div>\n\t\t\t\t\t\t<\/div>\n\t\t\t\t\t<\/div>\n\t\t\t\t\t\t\t\t\t\t\t\t<div class=\"qode-bct-post\">\n\t\t\t\t\t\t\t\t\t\t\t\t<div class=\"qode-bct-post-text\">\n\t\t\t\t\t\t\t<h3 class=\"qode-bct-post-title entry_title\" itemprop=\"name\">\n\t\t\t\t\t\t\t\t<a href=\"https:\/\/ticosoftcr.com\/polykret-dev\/2025\/08\/05\/esmalte-poliuretano\/\" itemprop=\"url\">Esmalte Poliuretano<\/a>\n\t\t\t\t\t\t\t<\/h3>\n\t\t\t\t\t\t\t\t\t\t\t\t\t\t<p itemprop=\"description\" class = \"qode-bct-post-excerpt\"> El Esmalte Poliuretano Kem Enamel es un recubrimiento de alto desempe\u00f1o compuesto por dos componentes (acr\u00edlico-uretano alif\u00e1tico 2K), dise\u00f1ado especialmente para ambientes industriales y marinos. Ofrece un acabado brillante con excelente retenci\u00f3n de color y brillo, adem\u00e1s de una resistencia superior a la intemperie, la...<\/p>\n\t\t\t\t\t\t\t<div class=\"qode-bct-post-date entry_date updated\" itemprop=\"dateCreated\">\n\t\t\t\t\t\t\t\t05\/08\/2025\t\t\t\t\t\t\t\t<meta itemprop=\"interactionCount\" content=\"UserComments: 0\"\/>\n\t\t\t\t\t\t\t<\/div>\n\t\t\t\t\t\t<\/div>\n\t\t\t\t\t<\/div>\n\t\t\t\t\t<\/div>\n\t\t<\/div>\n\t<\/div>\t\t\t\t<\/div>\n\t\t\t\t<\/div>\n\t\t\t\t\t<\/div>\n\t\t\t\t<\/div>\n\t\t\t\t<\/div>\n\t\t","protected":false},"excerpt":{"rendered":"<p>Sherwin-Williams es una empresa global l\u00edder en soluciones de recubrimientos, pinturas industriales y protectores de superficies. Fundada en 1866 en Estados Unidos, est\u00e1 presente en m\u00e1s de 120 pa\u00edses, ofreciendo productos de alto desempe\u00f1o para sectores como la construcci\u00f3n, industria, infraestructura y energ\u00eda. Reconocida por&#8230;<\/p>\n","protected":false},"author":1,"featured_media":0,"parent":0,"menu_order":0,"comment_status":"closed","ping_status":"closed","template":"","meta":{"footnotes":""},"class_list":["post-16097","page","type-page","status-publish","hentry"],"aioseo_notices":[],"_links":{"self":[{"href":"https:\/\/ticosoftcr.com\/polykret-dev\/wp-json\/wp\/v2\/pages\/16097","targetHints":{"allow":["GET"]}}],"collection":[{"href":"https:\/\/ticosoftcr.com\/polykret-dev\/wp-json\/wp\/v2\/pages"}],"about":[{"href":"https:\/\/ticosoftcr.com\/polykret-dev\/wp-json\/wp\/v2\/types\/page"}],"author":[{"embeddable":true,"href":"https:\/\/ticosoftcr.com\/polykret-dev\/wp-json\/wp\/v2\/users\/1"}],"replies":[{"embeddable":true,"href":"https:\/\/ticosoftcr.com\/polykret-dev\/wp-json\/wp\/v2\/comments?post=16097"}],"version-history":[{"count":10,"href":"https:\/\/ticosoftcr.com\/polykret-dev\/wp-json\/wp\/v2\/pages\/16097\/revisions"}],"predecessor-version":[{"id":16268,"href":"https:\/\/ticosoftcr.com\/polykret-dev\/wp-json\/wp\/v2\/pages\/16097\/revisions\/16268"}],"wp:attachment":[{"href":"https:\/\/ticosoftcr.com\/polykret-dev\/wp-json\/wp\/v2\/media?parent=16097"}],"curies":[{"name":"wp","href":"https:\/\/api.w.org\/{rel}","templated":true}]}}