{"id":16106,"date":"2025-08-05T01:14:46","date_gmt":"2025-08-05T01:14:46","guid":{"rendered":"https:\/\/ticosoftcr.com\/polykret-dev\/?page_id=16106"},"modified":"2025-09-01T22:23:39","modified_gmt":"2025-09-01T22:23:39","slug":"drizoro","status":"publish","type":"page","link":"https:\/\/ticosoftcr.com\/polykret-dev\/drizoro\/","title":{"rendered":"Drizoro"},"content":{"rendered":"\t\t<div data-elementor-type=\"wp-page\" data-elementor-id=\"16106\" class=\"elementor elementor-16106\">\n\t\t\t\t<div class=\"elementor-element elementor-element-9e783f3 e-flex e-con-boxed parallax_section_no qode_elementor_container_no e-con e-parent\" data-id=\"9e783f3\" data-element_type=\"container\">\n\t\t\t\t\t<div class=\"e-con-inner\">\n\t\t<div class=\"elementor-element elementor-element-56ab0d0 e-con-full e-flex parallax_section_no qode_elementor_container_no e-con e-child\" data-id=\"56ab0d0\" data-element_type=\"container\">\n\t\t\t\t<div class=\"elementor-element elementor-element-9eb7bb5 elementor-widget elementor-widget-image\" data-id=\"9eb7bb5\" data-element_type=\"widget\" data-widget_type=\"image.default\">\n\t\t\t\t\t\t\t\t\t\t\t\t\t\t\t<img fetchpriority=\"high\" decoding=\"async\" width=\"1024\" height=\"492\" src=\"https:\/\/ticosoftcr.com\/polykret-dev\/wp-content\/uploads\/2025\/08\/logo_drizoro-1024x492.png\" class=\"attachment-large size-large wp-image-16164\" alt=\"logo_drizoro\" srcset=\"https:\/\/ticosoftcr.com\/polykret-dev\/wp-content\/uploads\/2025\/08\/logo_drizoro-1024x492.png 1024w, https:\/\/ticosoftcr.com\/polykret-dev\/wp-content\/uploads\/2025\/08\/logo_drizoro-300x144.png 300w, https:\/\/ticosoftcr.com\/polykret-dev\/wp-content\/uploads\/2025\/08\/logo_drizoro-768x369.png 768w, https:\/\/ticosoftcr.com\/polykret-dev\/wp-content\/uploads\/2025\/08\/logo_drizoro-1536x737.png 1536w, https:\/\/ticosoftcr.com\/polykret-dev\/wp-content\/uploads\/2025\/08\/logo_drizoro-700x336.png 700w, https:\/\/ticosoftcr.com\/polykret-dev\/wp-content\/uploads\/2025\/08\/logo_drizoro.png 1600w\" sizes=\"(max-width: 1024px) 100vw, 1024px\" \/>\t\t\t\t\t\t\t\t\t\t\t\t\t\t\t<\/div>\n\t\t\t\t<\/div>\n\t\t<div class=\"elementor-element elementor-element-50dfab3 e-con-full e-flex parallax_section_no qode_elementor_container_no e-con e-child\" data-id=\"50dfab3\" data-element_type=\"container\">\n\t\t\t\t<div class=\"elementor-element elementor-element-65c38f2 elementor-widget elementor-widget-text-editor\" data-id=\"65c38f2\" data-element_type=\"widget\" data-widget_type=\"text-editor.default\">\n\t\t\t\t\t\t\t\t\t<p><strong data-start=\"179\" data-end=\"190\">Drizoro<\/strong> es una empresa espa\u00f1ola especializada en el desarrollo y fabricaci\u00f3n de soluciones qu\u00edmicas para la construcci\u00f3n, con un fuerte enfoque en <strong data-start=\"330\" data-end=\"404\">impermeabilizaci\u00f3n, reparaci\u00f3n estructural y protecci\u00f3n de superficies<\/strong>. Reconocida internacionalmente por la calidad de sus productos y la innovaci\u00f3n en tecnolog\u00edas cementosas y ep\u00f3xicas, Drizoro ofrece soluciones t\u00e9cnicas adaptadas a obras exigentes en sectores como infraestructura, edificaci\u00f3n, miner\u00eda, industria y energ\u00eda. Su l\u00ednea estrella, <strong data-start=\"681\" data-end=\"692\">Maxseal<\/strong>, es ampliamente utilizada para impermeabilizar desde s\u00f3tanos y tanques hasta t\u00faneles y estructuras hidr\u00e1ulicas.<\/p>\t\t\t\t\t\t\t\t<\/div>\n\t\t\t\t<\/div>\n\t\t\t\t\t<\/div>\n\t\t\t\t<\/div>\n\t\t<div class=\"elementor-element elementor-element-afc8f13 e-flex e-con-boxed parallax_section_no qode_elementor_container_no e-con e-parent\" data-id=\"afc8f13\" data-element_type=\"container\">\n\t\t\t\t\t<div class=\"e-con-inner\">\n\t\t\t\t<div class=\"elementor-element elementor-element-f7f6e72 elementor-widget elementor-widget-bridge_blog_carousel_titled\" data-id=\"f7f6e72\" data-element_type=\"widget\" data-widget_type=\"bridge_blog_carousel_titled.default\">\n\t\t\t\t<div class=\"elementor-widget-container\">\n\t\t\t\t\t<div class=\"qode-blog-carousel-titled\" >\n\t<div class=\"qode-bct-title-holder\" >\n\t\t<a class=\"qode-bct-caroufredsel-prev\" href=\"#\">\n\t\t\t<span class=\"qode-bct-caroufredsel-nav-inner\">\n\t\t\t\t<span class=\"qode-bct-caroufredsel-nav-icon-holder\">\n\t\t\t\t\t<span class=\"arrow_carrot-left\"><\/span>\n\t\t\t\t<\/span>\n\t\t\t<\/span>\n\t\t<\/a>\n\t\t\t\t\t\t\t\t<h3>\n\t\t\t\t\t\tProductos\t\t\t\t\t<\/h3>\n\t\t\t\t<a class=\"qode-bct-caroufredsel-next\" href=\"#\">\n\t\t<span class=\"qode-bct-caroufredsel-nav-inner\">\n\t\t\t<span class=\"qode-bct-caroufredsel-nav-icon-holder\">\n\t\t\t\t<span class=\"arrow_carrot-right\"><\/span>\n\t\t\t<\/span>\n\t\t<\/span>\n\t<\/a>\n\t<\/div>\n\t\t\t<div class=\"qode-bct-posts-holder\">\n\t\t<div class=\"qode-bct-posts\">\n\t\t\t\t\t\t\t\t\t\t\t\t<div class=\"qode-bct-post\">\n\t\t\t\t\t\t\t\t\t\t\t\t\t<div class=\"qode-bct-post-image\">\n\t\t\t\t\t\t\t\t<a href=\"https:\/\/ticosoftcr.com\/polykret-dev\/2025\/08\/05\/maxurethane\/\" itemprop=\"url\">\n\t\t\t\t\t\t\t\t\t<img decoding=\"async\" width=\"100\" height=\"100\" src=\"https:\/\/ticosoftcr.com\/polykret-dev\/wp-content\/uploads\/2025\/08\/Maxurethane-1.png\" class=\"attachment-full size-full wp-post-image\" alt=\"Maxurethane\" \/>\t\t\t\t\t\t\t\t<\/a>\n\t\t\t\t\t\t\t<\/div>\n\t\t\t\t\t\t\t\t\t\t\t\t<div class=\"qode-bct-post-text\">\n\t\t\t\t\t\t\t<h3 class=\"qode-bct-post-title entry_title\" itemprop=\"name\">\n\t\t\t\t\t\t\t\t<a href=\"https:\/\/ticosoftcr.com\/polykret-dev\/2025\/08\/05\/maxurethane\/\" itemprop=\"url\">Maxurethane<\/a>\n\t\t\t\t\t\t\t<\/h3>\n\t\t\t\t\t\t\t\t\t\t\t\t\t\t<p itemprop=\"description\" class = \"qode-bct-post-excerpt\"> MAXURETHANE\u00ae 2C es un revestimiento de poliuretano alif\u00e1tico bicomponente con acabado satinado o brillante, que forma una pel\u00edcula protectora de alta resistencia a la intemperie, a los rayos UV y al envejecimiento. Su formulaci\u00f3n permite un acabado duradero, estable en color, con excelente adherencia y......<\/p>\n\t\t\t\t\t\t\t<div class=\"qode-bct-post-date entry_date updated\" itemprop=\"dateCreated\">\n\t\t\t\t\t\t\t\t05\/08\/2025\t\t\t\t\t\t\t\t<meta itemprop=\"interactionCount\" content=\"UserComments: 0\"\/>\n\t\t\t\t\t\t\t<\/div>\n\t\t\t\t\t\t<\/div>\n\t\t\t\t\t<\/div>\n\t\t\t\t\t<\/div>\n\t\t<\/div>\n\t<\/div>\t\t\t\t<\/div>\n\t\t\t\t<\/div>\n\t\t\t\t\t<\/div>\n\t\t\t\t<\/div>\n\t\t\t\t<\/div>\n\t\t","protected":false},"excerpt":{"rendered":"<p>Drizoro es una empresa espa\u00f1ola especializada en el desarrollo y fabricaci\u00f3n de soluciones qu\u00edmicas para la construcci\u00f3n, con un fuerte enfoque en impermeabilizaci\u00f3n, reparaci\u00f3n estructural y protecci\u00f3n de superficies. Reconocida internacionalmente por la calidad de sus productos y la innovaci\u00f3n en tecnolog\u00edas cementosas y ep\u00f3xicas,&#8230;<\/p>\n","protected":false},"author":1,"featured_media":0,"parent":0,"menu_order":0,"comment_status":"closed","ping_status":"closed","template":"","meta":{"footnotes":""},"class_list":["post-16106","page","type-page","status-publish","hentry"],"aioseo_notices":[],"_links":{"self":[{"href":"https:\/\/ticosoftcr.com\/polykret-dev\/wp-json\/wp\/v2\/pages\/16106","targetHints":{"allow":["GET"]}}],"collection":[{"href":"https:\/\/ticosoftcr.com\/polykret-dev\/wp-json\/wp\/v2\/pages"}],"about":[{"href":"https:\/\/ticosoftcr.com\/polykret-dev\/wp-json\/wp\/v2\/types\/page"}],"author":[{"embeddable":true,"href":"https:\/\/ticosoftcr.com\/polykret-dev\/wp-json\/wp\/v2\/users\/1"}],"replies":[{"embeddable":true,"href":"https:\/\/ticosoftcr.com\/polykret-dev\/wp-json\/wp\/v2\/comments?post=16106"}],"version-history":[{"count":13,"href":"https:\/\/ticosoftcr.com\/polykret-dev\/wp-json\/wp\/v2\/pages\/16106\/revisions"}],"predecessor-version":[{"id":16383,"href":"https:\/\/ticosoftcr.com\/polykret-dev\/wp-json\/wp\/v2\/pages\/16106\/revisions\/16383"}],"wp:attachment":[{"href":"https:\/\/ticosoftcr.com\/polykret-dev\/wp-json\/wp\/v2\/media?parent=16106"}],"curies":[{"name":"wp","href":"https:\/\/api.w.org\/{rel}","templated":true}]}}