{"id":16112,"date":"2025-08-05T01:16:46","date_gmt":"2025-08-05T01:16:46","guid":{"rendered":"https:\/\/ticosoftcr.com\/polykret-dev\/?page_id=16112"},"modified":"2025-08-05T05:02:54","modified_gmt":"2025-08-05T05:02:54","slug":"intaco","status":"publish","type":"page","link":"https:\/\/ticosoftcr.com\/polykret-dev\/intaco\/","title":{"rendered":"Intaco"},"content":{"rendered":"\t\t<div data-elementor-type=\"wp-page\" data-elementor-id=\"16112\" class=\"elementor elementor-16112\">\n\t\t\t\t<div class=\"elementor-element elementor-element-9c0e362 e-flex e-con-boxed parallax_section_no qode_elementor_container_no e-con e-parent\" data-id=\"9c0e362\" data-element_type=\"container\">\n\t\t\t\t\t<div class=\"e-con-inner\">\n\t\t<div class=\"elementor-element elementor-element-b5750b8 e-con-full e-flex parallax_section_no qode_elementor_container_no e-con e-child\" data-id=\"b5750b8\" data-element_type=\"container\">\n\t\t\t\t<div class=\"elementor-element elementor-element-5322859 elementor-widget elementor-widget-image\" data-id=\"5322859\" data-element_type=\"widget\" data-widget_type=\"image.default\">\n\t\t\t\t\t\t\t\t\t\t\t\t\t\t\t<img fetchpriority=\"high\" decoding=\"async\" width=\"750\" height=\"380\" src=\"https:\/\/ticosoftcr.com\/polykret-dev\/wp-content\/uploads\/2025\/08\/logo_intaco.png\" class=\"attachment-large size-large wp-image-16162\" alt=\"logo_intaco\" srcset=\"https:\/\/ticosoftcr.com\/polykret-dev\/wp-content\/uploads\/2025\/08\/logo_intaco.png 750w, https:\/\/ticosoftcr.com\/polykret-dev\/wp-content\/uploads\/2025\/08\/logo_intaco-300x152.png 300w, https:\/\/ticosoftcr.com\/polykret-dev\/wp-content\/uploads\/2025\/08\/logo_intaco-700x355.png 700w\" sizes=\"(max-width: 750px) 100vw, 750px\" \/>\t\t\t\t\t\t\t\t\t\t\t\t\t\t\t<\/div>\n\t\t\t\t<\/div>\n\t\t<div class=\"elementor-element elementor-element-cde7bfc e-con-full e-flex parallax_section_no qode_elementor_container_no e-con e-child\" data-id=\"cde7bfc\" data-element_type=\"container\">\n\t\t\t\t<div class=\"elementor-element elementor-element-8532c1d elementor-widget elementor-widget-text-editor\" data-id=\"8532c1d\" data-element_type=\"widget\" data-widget_type=\"text-editor.default\">\n\t\t\t\t\t\t\t\t\t<p><strong data-start=\"138\" data-end=\"148\">INTACO<\/strong> es una empresa multinacional con m\u00e1s de 45 a\u00f1os de experiencia en la fabricaci\u00f3n de soluciones innovadoras para la construcci\u00f3n. Con presencia en toda Am\u00e9rica Latina y el Caribe, INTACO se especializa en <strong data-start=\"353\" data-end=\"480\">aditivos para concreto, morteros t\u00e9cnicos, adhesivos, impermeabilizantes, selladores y soluciones de reparaci\u00f3n estructural<\/strong>. Su enfoque combina tecnolog\u00eda, calidad certificada y sostenibilidad, ofreciendo productos dise\u00f1ados para responder a las exigencias de la construcci\u00f3n moderna en sectores residenciales, comerciales e industriales.<\/p>\t\t\t\t\t\t\t\t<\/div>\n\t\t\t\t<\/div>\n\t\t\t\t\t<\/div>\n\t\t\t\t<\/div>\n\t\t<div class=\"elementor-element elementor-element-23a0fae e-flex e-con-boxed parallax_section_no qode_elementor_container_no e-con e-parent\" data-id=\"23a0fae\" data-element_type=\"container\">\n\t\t\t\t\t<div class=\"e-con-inner\">\n\t\t\t\t<div class=\"elementor-element elementor-element-69afd1f elementor-widget elementor-widget-bridge_blog_carousel_titled\" data-id=\"69afd1f\" data-element_type=\"widget\" data-widget_type=\"bridge_blog_carousel_titled.default\">\n\t\t\t\t<div class=\"elementor-widget-container\">\n\t\t\t\t\t<div class=\"qode-blog-carousel-titled\" >\n\t<div class=\"qode-bct-title-holder\" >\n\t\t<a class=\"qode-bct-caroufredsel-prev\" href=\"#\">\n\t\t\t<span class=\"qode-bct-caroufredsel-nav-inner\">\n\t\t\t\t<span class=\"qode-bct-caroufredsel-nav-icon-holder\">\n\t\t\t\t\t<span class=\"arrow_carrot-left\"><\/span>\n\t\t\t\t<\/span>\n\t\t\t<\/span>\n\t\t<\/a>\n\t\t\t\t\t\t\t\t<h3>\n\t\t\t\t\t\tProductos\t\t\t\t\t<\/h3>\n\t\t\t\t<a class=\"qode-bct-caroufredsel-next\" href=\"#\">\n\t\t<span class=\"qode-bct-caroufredsel-nav-inner\">\n\t\t\t<span class=\"qode-bct-caroufredsel-nav-icon-holder\">\n\t\t\t\t<span class=\"arrow_carrot-right\"><\/span>\n\t\t\t<\/span>\n\t\t<\/span>\n\t<\/a>\n\t<\/div>\n\t\t\t<div class=\"qode-bct-posts-holder\">\n\t\t<div class=\"qode-bct-posts\">\n\t\t\t\t\t\t\t\t\t\t\t\t<div class=\"qode-bct-post\">\n\t\t\t\t\t\t\t\t\t\t\t\t<div class=\"qode-bct-post-text\">\n\t\t\t\t\t\t\t<h3 class=\"qode-bct-post-title entry_title\" itemprop=\"name\">\n\t\t\t\t\t\t\t\t<a href=\"https:\/\/ticosoftcr.com\/polykret-dev\/2025\/08\/05\/maxipatch-100\/\" itemprop=\"url\">Maxipatch\u00ae 100<\/a>\n\t\t\t\t\t\t\t<\/h3>\n\t\t\t\t\t\t\t\t\t\t\t\t\t\t<p itemprop=\"description\" class = \"qode-bct-post-excerpt\"> Maxipatch\u00ae 100 es un mortero de reparaci\u00f3n sin contracci\u00f3n, de fraguado medio y alta adherencia, formulado para restaurar superficies de concreto y mamposter\u00eda en entornos residenciales, comerciales o industriales. Su alta resistencia mec\u00e1nica y r\u00e1pida puesta en servicio lo hacen ideal para trabajos de mantenimiento...<\/p>\n\t\t\t\t\t\t\t<div class=\"qode-bct-post-date entry_date updated\" itemprop=\"dateCreated\">\n\t\t\t\t\t\t\t\t05\/08\/2025\t\t\t\t\t\t\t\t<meta itemprop=\"interactionCount\" content=\"UserComments: 0\"\/>\n\t\t\t\t\t\t\t<\/div>\n\t\t\t\t\t\t<\/div>\n\t\t\t\t\t<\/div>\n\t\t\t\t\t\t\t\t\t\t\t\t<div class=\"qode-bct-post\">\n\t\t\t\t\t\t\t\t\t\t\t\t<div class=\"qode-bct-post-text\">\n\t\t\t\t\t\t\t<h3 class=\"qode-bct-post-title entry_title\" itemprop=\"name\">\n\t\t\t\t\t\t\t\t<a href=\"https:\/\/ticosoftcr.com\/polykret-dev\/2025\/08\/05\/maxilevel-topping-210\/\" itemprop=\"url\">Maxilevel\u00ae Topping 210<\/a>\n\t\t\t\t\t\t\t<\/h3>\n\t\t\t\t\t\t\t\t\t\t\t\t\t\t<p itemprop=\"description\" class = \"qode-bct-post-excerpt\"> Maxilevel\u00ae Topping 210 es un mortero cementicio predosificado de alta resistencia (210 kg\/cm\u00b2), dise\u00f1ado para nivelar y restaurar pisos de concreto en espesores desde 5 mm hasta 120 mm. Su f\u00f3rmula ofrece excelente trabajabilidad, durabilidad y adherencia, ideal para superficies que ser\u00e1n recubiertas o que...<\/p>\n\t\t\t\t\t\t\t<div class=\"qode-bct-post-date entry_date updated\" itemprop=\"dateCreated\">\n\t\t\t\t\t\t\t\t05\/08\/2025\t\t\t\t\t\t\t\t<meta itemprop=\"interactionCount\" content=\"UserComments: 0\"\/>\n\t\t\t\t\t\t\t<\/div>\n\t\t\t\t\t\t<\/div>\n\t\t\t\t\t<\/div>\n\t\t\t\t\t\t\t\t\t\t\t\t<div class=\"qode-bct-post\">\n\t\t\t\t\t\t\t\t\t\t\t\t<div class=\"qode-bct-post-text\">\n\t\t\t\t\t\t\t<h3 class=\"qode-bct-post-title entry_title\" itemprop=\"name\">\n\t\t\t\t\t\t\t\t<a href=\"https:\/\/ticosoftcr.com\/polykret-dev\/2025\/08\/05\/maximent-600n\/\" itemprop=\"url\">Maximent\u00ae 600N<\/a>\n\t\t\t\t\t\t\t<\/h3>\n\t\t\t\t\t\t\t\t\t\t\t\t\t\t<p itemprop=\"description\" class = \"qode-bct-post-excerpt\"> Maximent\u00ae 600 N es un aditivo superplastificante de alto rendimiento, sin cloruros, formulado para mejorar significativamente la fluidez, trabajabilidad y resistencias mec\u00e1nicas del concreto de alto desempe\u00f1o. Act\u00faa como reductor de agua de alto rango y acelerante de resistencias, sin alterar los tiempos de fragua,...<\/p>\n\t\t\t\t\t\t\t<div class=\"qode-bct-post-date entry_date updated\" itemprop=\"dateCreated\">\n\t\t\t\t\t\t\t\t05\/08\/2025\t\t\t\t\t\t\t\t<meta itemprop=\"interactionCount\" content=\"UserComments: 0\"\/>\n\t\t\t\t\t\t\t<\/div>\n\t\t\t\t\t\t<\/div>\n\t\t\t\t\t<\/div>\n\t\t\t\t\t\t\t\t\t\t\t\t<div class=\"qode-bct-post\">\n\t\t\t\t\t\t\t\t\t\t\t\t<div class=\"qode-bct-post-text\">\n\t\t\t\t\t\t\t<h3 class=\"qode-bct-post-title entry_title\" itemprop=\"name\">\n\t\t\t\t\t\t\t\t<a href=\"https:\/\/ticosoftcr.com\/polykret-dev\/2025\/08\/05\/groutex-epoxy-lux\/\" itemprop=\"url\">Groutex Epoxy Lux<\/a>\n\t\t\t\t\t\t\t<\/h3>\n\t\t\t\t\t\t\t\t\t\t\t\t\t\t<p itemprop=\"description\" class = \"qode-bct-post-excerpt\"> GROUTEX\u00ae Epoxy Lux es un mortero ep\u00f3xico bicomponente de alta resistencia, lavable con agua, dise\u00f1ado para pegar revestimientos y rellenar juntas de 1,5 mm a 15 mm. Formulado con resina ep\u00f3xica y microesferas de cuarzo coloreadas, ofrece una soluci\u00f3n est\u00e9tica, durable e higi\u00e9nica para aplicaciones...<\/p>\n\t\t\t\t\t\t\t<div class=\"qode-bct-post-date entry_date updated\" itemprop=\"dateCreated\">\n\t\t\t\t\t\t\t\t05\/08\/2025\t\t\t\t\t\t\t\t<meta itemprop=\"interactionCount\" content=\"UserComments: 0\"\/>\n\t\t\t\t\t\t\t<\/div>\n\t\t\t\t\t\t<\/div>\n\t\t\t\t\t<\/div>\n\t\t\t\t\t<\/div>\n\t\t<\/div>\n\t<\/div>\t\t\t\t<\/div>\n\t\t\t\t<\/div>\n\t\t\t\t\t<\/div>\n\t\t\t\t<\/div>\n\t\t\t\t<\/div>\n\t\t","protected":false},"excerpt":{"rendered":"<p>INTACO es una empresa multinacional con m\u00e1s de 45 a\u00f1os de experiencia en la fabricaci\u00f3n de soluciones innovadoras para la construcci\u00f3n. Con presencia en toda Am\u00e9rica Latina y el Caribe, INTACO se especializa en aditivos para concreto, morteros t\u00e9cnicos, adhesivos, impermeabilizantes, selladores y soluciones de&#8230;<\/p>\n","protected":false},"author":1,"featured_media":0,"parent":0,"menu_order":0,"comment_status":"closed","ping_status":"closed","template":"","meta":{"footnotes":""},"class_list":["post-16112","page","type-page","status-publish","hentry"],"aioseo_notices":[],"_links":{"self":[{"href":"https:\/\/ticosoftcr.com\/polykret-dev\/wp-json\/wp\/v2\/pages\/16112","targetHints":{"allow":["GET"]}}],"collection":[{"href":"https:\/\/ticosoftcr.com\/polykret-dev\/wp-json\/wp\/v2\/pages"}],"about":[{"href":"https:\/\/ticosoftcr.com\/polykret-dev\/wp-json\/wp\/v2\/types\/page"}],"author":[{"embeddable":true,"href":"https:\/\/ticosoftcr.com\/polykret-dev\/wp-json\/wp\/v2\/users\/1"}],"replies":[{"embeddable":true,"href":"https:\/\/ticosoftcr.com\/polykret-dev\/wp-json\/wp\/v2\/comments?post=16112"}],"version-history":[{"count":7,"href":"https:\/\/ticosoftcr.com\/polykret-dev\/wp-json\/wp\/v2\/pages\/16112\/revisions"}],"predecessor-version":[{"id":16308,"href":"https:\/\/ticosoftcr.com\/polykret-dev\/wp-json\/wp\/v2\/pages\/16112\/revisions\/16308"}],"wp:attachment":[{"href":"https:\/\/ticosoftcr.com\/polykret-dev\/wp-json\/wp\/v2\/media?parent=16112"}],"curies":[{"name":"wp","href":"https:\/\/api.w.org\/{rel}","templated":true}]}}