{"id":16118,"date":"2025-08-05T01:19:06","date_gmt":"2025-08-05T01:19:06","guid":{"rendered":"https:\/\/ticosoftcr.com\/polykret-dev\/?page_id=16118"},"modified":"2025-08-05T05:15:25","modified_gmt":"2025-08-05T05:15:25","slug":"hempel","status":"publish","type":"page","link":"https:\/\/ticosoftcr.com\/polykret-dev\/hempel\/","title":{"rendered":"HEMPEL"},"content":{"rendered":"\t\t<div data-elementor-type=\"wp-page\" data-elementor-id=\"16118\" class=\"elementor elementor-16118\">\n\t\t\t\t<div class=\"elementor-element elementor-element-6630643 e-flex e-con-boxed parallax_section_no qode_elementor_container_no e-con e-parent\" data-id=\"6630643\" data-element_type=\"container\">\n\t\t\t\t\t<div class=\"e-con-inner\">\n\t\t<div class=\"elementor-element elementor-element-cd813e4 e-con-full e-flex parallax_section_no qode_elementor_container_no e-con e-child\" data-id=\"cd813e4\" data-element_type=\"container\">\n\t\t\t\t<div class=\"elementor-element elementor-element-b612c9b elementor-widget elementor-widget-image\" data-id=\"b612c9b\" data-element_type=\"widget\" data-widget_type=\"image.default\">\n\t\t\t\t\t\t\t\t\t\t\t\t\t\t\t<img decoding=\"async\" width=\"204\" height=\"120\" src=\"https:\/\/ticosoftcr.com\/polykret-dev\/wp-content\/uploads\/2025\/08\/logo_hempel.png\" class=\"attachment-large size-large wp-image-16163\" alt=\"logo_hempel\" \/>\t\t\t\t\t\t\t\t\t\t\t\t\t\t\t<\/div>\n\t\t\t\t<\/div>\n\t\t<div class=\"elementor-element elementor-element-88025e4 e-con-full e-flex parallax_section_no qode_elementor_container_no e-con e-child\" data-id=\"88025e4\" data-element_type=\"container\">\n\t\t\t\t<div class=\"elementor-element elementor-element-7586e99 elementor-widget elementor-widget-text-editor\" data-id=\"7586e99\" data-element_type=\"widget\" data-widget_type=\"text-editor.default\">\n\t\t\t\t\t\t\t\t\t<p><strong data-start=\"158\" data-end=\"168\">HEMPEL<\/strong> es una empresa global l\u00edder en soluciones de recubrimiento de alto desempe\u00f1o, con m\u00e1s de 100 a\u00f1os de experiencia en la protecci\u00f3n y embellecimiento de superficies expuestas a condiciones extremas. Fundada en Dinamarca y presente en m\u00e1s de 80 pa\u00edses, HEMPEL se especializa en sistemas anticorrosivos, recubrimientos industriales, marinos, de infraestructura y energ\u00eda. Su portafolio combina innovaci\u00f3n, sostenibilidad y calidad certificada, siendo la elecci\u00f3n confiable para proyectos donde la durabilidad y el rendimiento son esenciales.<\/p>\t\t\t\t\t\t\t\t<\/div>\n\t\t\t\t<\/div>\n\t\t\t\t\t<\/div>\n\t\t\t\t<\/div>\n\t\t<div class=\"elementor-element elementor-element-ce510bf e-flex e-con-boxed parallax_section_no qode_elementor_container_no e-con e-parent\" data-id=\"ce510bf\" data-element_type=\"container\">\n\t\t\t\t\t<div class=\"e-con-inner\">\n\t\t\t\t<div class=\"elementor-element elementor-element-351121d elementor-widget elementor-widget-bridge_blog_carousel_titled\" data-id=\"351121d\" data-element_type=\"widget\" data-widget_type=\"bridge_blog_carousel_titled.default\">\n\t\t\t\t<div class=\"elementor-widget-container\">\n\t\t\t\t\t<div class=\"qode-blog-carousel-titled\" >\n\t<div class=\"qode-bct-title-holder\" >\n\t\t<a class=\"qode-bct-caroufredsel-prev\" href=\"#\">\n\t\t\t<span class=\"qode-bct-caroufredsel-nav-inner\">\n\t\t\t\t<span class=\"qode-bct-caroufredsel-nav-icon-holder\">\n\t\t\t\t\t<span class=\"arrow_carrot-left\"><\/span>\n\t\t\t\t<\/span>\n\t\t\t<\/span>\n\t\t<\/a>\n\t\t\t\t\t\t\t\t<h3>\n\t\t\t\t\t\tProductos\t\t\t\t\t<\/h3>\n\t\t\t\t<a class=\"qode-bct-caroufredsel-next\" href=\"#\">\n\t\t<span class=\"qode-bct-caroufredsel-nav-inner\">\n\t\t\t<span class=\"qode-bct-caroufredsel-nav-icon-holder\">\n\t\t\t\t<span class=\"arrow_carrot-right\"><\/span>\n\t\t\t<\/span>\n\t\t<\/span>\n\t<\/a>\n\t<\/div>\n\t\t\t<div class=\"qode-bct-posts-holder\">\n\t\t<div class=\"qode-bct-posts\">\n\t\t\t\t\t\t\t\t\t\t\t\t<div class=\"qode-bct-post\">\n\t\t\t\t\t\t\t\t\t\t\t\t<div class=\"qode-bct-post-text\">\n\t\t\t\t\t\t\t<h3 class=\"qode-bct-post-title entry_title\" itemprop=\"name\">\n\t\t\t\t\t\t\t\t<a href=\"https:\/\/ticosoftcr.com\/polykret-dev\/2025\/08\/05\/hempathane-hs-55610\/\" itemprop=\"url\">Hempathane HS 55610<\/a>\n\t\t\t\t\t\t\t<\/h3>\n\t\t\t\t\t\t\t\t\t\t\t\t\t\t<p itemprop=\"description\" class = \"qode-bct-post-excerpt\"> Hempathane HS 55610 es un recubrimiento de acabado brillante de poliuretano alif\u00e1tico de alto espesor, formulado para ofrecer excelente retenci\u00f3n de color y brillo, resistencia a ambientes altamente corrosivos y cumplimiento con las normativas internacionales de emisiones VOC. Contiene fosfato de zinc como inhibidor de...<\/p>\n\t\t\t\t\t\t\t<div class=\"qode-bct-post-date entry_date updated\" itemprop=\"dateCreated\">\n\t\t\t\t\t\t\t\t05\/08\/2025\t\t\t\t\t\t\t\t<meta itemprop=\"interactionCount\" content=\"UserComments: 0\"\/>\n\t\t\t\t\t\t\t<\/div>\n\t\t\t\t\t\t<\/div>\n\t\t\t\t\t<\/div>\n\t\t\t\t\t<\/div>\n\t\t<\/div>\n\t<\/div>\t\t\t\t<\/div>\n\t\t\t\t<\/div>\n\t\t\t\t\t<\/div>\n\t\t\t\t<\/div>\n\t\t\t\t<\/div>\n\t\t","protected":false},"excerpt":{"rendered":"<p>HEMPEL es una empresa global l\u00edder en soluciones de recubrimiento de alto desempe\u00f1o, con m\u00e1s de 100 a\u00f1os de experiencia en la protecci\u00f3n y embellecimiento de superficies expuestas a condiciones extremas. Fundada en Dinamarca y presente en m\u00e1s de 80 pa\u00edses, HEMPEL se especializa en&#8230;<\/p>\n","protected":false},"author":1,"featured_media":0,"parent":0,"menu_order":0,"comment_status":"closed","ping_status":"closed","template":"","meta":{"footnotes":""},"class_list":["post-16118","page","type-page","status-publish","hentry"],"aioseo_notices":[],"_links":{"self":[{"href":"https:\/\/ticosoftcr.com\/polykret-dev\/wp-json\/wp\/v2\/pages\/16118","targetHints":{"allow":["GET"]}}],"collection":[{"href":"https:\/\/ticosoftcr.com\/polykret-dev\/wp-json\/wp\/v2\/pages"}],"about":[{"href":"https:\/\/ticosoftcr.com\/polykret-dev\/wp-json\/wp\/v2\/types\/page"}],"author":[{"embeddable":true,"href":"https:\/\/ticosoftcr.com\/polykret-dev\/wp-json\/wp\/v2\/users\/1"}],"replies":[{"embeddable":true,"href":"https:\/\/ticosoftcr.com\/polykret-dev\/wp-json\/wp\/v2\/comments?post=16118"}],"version-history":[{"count":7,"href":"https:\/\/ticosoftcr.com\/polykret-dev\/wp-json\/wp\/v2\/pages\/16118\/revisions"}],"predecessor-version":[{"id":16339,"href":"https:\/\/ticosoftcr.com\/polykret-dev\/wp-json\/wp\/v2\/pages\/16118\/revisions\/16339"}],"wp:attachment":[{"href":"https:\/\/ticosoftcr.com\/polykret-dev\/wp-json\/wp\/v2\/media?parent=16118"}],"curies":[{"name":"wp","href":"https:\/\/api.w.org\/{rel}","templated":true}]}}