{"id":16124,"date":"2025-08-05T02:25:32","date_gmt":"2025-08-05T02:25:32","guid":{"rendered":"https:\/\/ticosoftcr.com\/polykret-dev\/?page_id=16124"},"modified":"2025-08-05T05:18:17","modified_gmt":"2025-08-05T05:18:17","slug":"ppg","status":"publish","type":"page","link":"https:\/\/ticosoftcr.com\/polykret-dev\/ppg\/","title":{"rendered":"PPG"},"content":{"rendered":"\t\t<div data-elementor-type=\"wp-page\" data-elementor-id=\"16124\" class=\"elementor elementor-16124\">\n\t\t\t\t<div class=\"elementor-element elementor-element-bff6925 e-flex e-con-boxed parallax_section_no qode_elementor_container_no e-con e-parent\" data-id=\"bff6925\" data-element_type=\"container\">\n\t\t\t\t\t<div class=\"e-con-inner\">\n\t\t<div class=\"elementor-element elementor-element-02ae5af e-con-full e-flex parallax_section_no qode_elementor_container_no e-con e-child\" data-id=\"02ae5af\" data-element_type=\"container\">\n\t\t\t\t<div class=\"elementor-element elementor-element-3df6274 elementor-widget elementor-widget-image\" data-id=\"3df6274\" data-element_type=\"widget\" data-widget_type=\"image.default\">\n\t\t\t\t\t\t\t\t\t\t\t\t\t\t\t<img fetchpriority=\"high\" decoding=\"async\" width=\"1024\" height=\"794\" src=\"https:\/\/ticosoftcr.com\/polykret-dev\/wp-content\/uploads\/2025\/08\/logo_ppg-1-1024x794.png\" class=\"attachment-large size-large wp-image-16180\" alt=\"logo_ppg\" srcset=\"https:\/\/ticosoftcr.com\/polykret-dev\/wp-content\/uploads\/2025\/08\/logo_ppg-1-1024x794.png 1024w, https:\/\/ticosoftcr.com\/polykret-dev\/wp-content\/uploads\/2025\/08\/logo_ppg-1-300x233.png 300w, https:\/\/ticosoftcr.com\/polykret-dev\/wp-content\/uploads\/2025\/08\/logo_ppg-1-768x596.png 768w, https:\/\/ticosoftcr.com\/polykret-dev\/wp-content\/uploads\/2025\/08\/logo_ppg-1-700x543.png 700w, https:\/\/ticosoftcr.com\/polykret-dev\/wp-content\/uploads\/2025\/08\/logo_ppg-1.png 1200w\" sizes=\"(max-width: 1024px) 100vw, 1024px\" \/>\t\t\t\t\t\t\t\t\t\t\t\t\t\t\t<\/div>\n\t\t\t\t<\/div>\n\t\t<div class=\"elementor-element elementor-element-12ab335 e-con-full e-flex parallax_section_no qode_elementor_container_no e-con e-child\" data-id=\"12ab335\" data-element_type=\"container\">\n\t\t\t\t<div class=\"elementor-element elementor-element-8101fea elementor-widget elementor-widget-text-editor\" data-id=\"8101fea\" data-element_type=\"widget\" data-widget_type=\"text-editor.default\">\n\t\t\t\t\t\t\t\t\t<p><strong data-start=\"163\" data-end=\"170\">PPG<\/strong> es una de las compa\u00f1\u00edas l\u00edderes a nivel mundial en pinturas, recubrimientos y materiales especializados, con m\u00e1s de 140 a\u00f1os de trayectoria. Reconocida por su innovaci\u00f3n y calidad, PPG ofrece soluciones avanzadas para sectores como la construcci\u00f3n, la industria, la automoci\u00f3n, la aviaci\u00f3n y la infraestructura. Su l\u00ednea de recubrimientos industriales y de tr\u00e1fico destaca por su durabilidad, rendimiento t\u00e9cnico y cumplimiento con los m\u00e1s altos est\u00e1ndares de sostenibilidad y seguridad. Con presencia global, PPG protege y embellece superficies en m\u00e1s de 70 pa\u00edses.<\/p>\t\t\t\t\t\t\t\t<\/div>\n\t\t\t\t<\/div>\n\t\t\t\t\t<\/div>\n\t\t\t\t<\/div>\n\t\t<div class=\"elementor-element elementor-element-64a1e72 e-flex e-con-boxed parallax_section_no qode_elementor_container_no e-con e-parent\" data-id=\"64a1e72\" data-element_type=\"container\">\n\t\t\t\t\t<div class=\"e-con-inner\">\n\t\t\t\t<div class=\"elementor-element elementor-element-b29cfc9 elementor-widget elementor-widget-bridge_blog_carousel_titled\" data-id=\"b29cfc9\" data-element_type=\"widget\" data-widget_type=\"bridge_blog_carousel_titled.default\">\n\t\t\t\t<div class=\"elementor-widget-container\">\n\t\t\t\t\t<div class=\"qode-blog-carousel-titled\" >\n\t<div class=\"qode-bct-title-holder\" >\n\t\t<a class=\"qode-bct-caroufredsel-prev\" href=\"#\">\n\t\t\t<span class=\"qode-bct-caroufredsel-nav-inner\">\n\t\t\t\t<span class=\"qode-bct-caroufredsel-nav-icon-holder\">\n\t\t\t\t\t<span class=\"arrow_carrot-left\"><\/span>\n\t\t\t\t<\/span>\n\t\t\t<\/span>\n\t\t<\/a>\n\t\t\t\t\t\t\t\t<h3>\n\t\t\t\t\t\tProductos\t\t\t\t\t<\/h3>\n\t\t\t\t<a class=\"qode-bct-caroufredsel-next\" href=\"#\">\n\t\t<span class=\"qode-bct-caroufredsel-nav-inner\">\n\t\t\t<span class=\"qode-bct-caroufredsel-nav-icon-holder\">\n\t\t\t\t<span class=\"arrow_carrot-right\"><\/span>\n\t\t\t<\/span>\n\t\t<\/span>\n\t<\/a>\n\t<\/div>\n\t\t\t<div class=\"qode-bct-posts-holder\">\n\t\t<div class=\"qode-bct-posts\">\n\t\t\t\t\t\t\t\t\t\t\t\t<div class=\"qode-bct-post\">\n\t\t\t\t\t\t\t\t\t\t\t\t<div class=\"qode-bct-post-text\">\n\t\t\t\t\t\t\t<h3 class=\"qode-bct-post-title entry_title\" itemprop=\"name\">\n\t\t\t\t\t\t\t\t<a href=\"https:\/\/ticosoftcr.com\/polykret-dev\/2025\/08\/05\/zoneline-traffic-paint\/\" itemprop=\"url\">Zoneline Traffic Paint<\/a>\n\t\t\t\t\t\t\t<\/h3>\n\t\t\t\t\t\t\t\t\t\t\t\t\t\t<p itemprop=\"description\" class = \"qode-bct-post-excerpt\"> Zoneline\u2122 Traffic Paint es una pintura acr\u00edlica base agua de alta visibilidad y secado r\u00e1pido, dise\u00f1ada espec\u00edficamente para la marcaci\u00f3n de zonas de tr\u00e1nsito peatonal y vehicular en interiores y exteriores. Su f\u00f3rmula amigable con el medio ambiente proporciona gran durabilidad, adherencia y facilidad de...<\/p>\n\t\t\t\t\t\t\t<div class=\"qode-bct-post-date entry_date updated\" itemprop=\"dateCreated\">\n\t\t\t\t\t\t\t\t05\/08\/2025\t\t\t\t\t\t\t\t<meta itemprop=\"interactionCount\" content=\"UserComments: 0\"\/>\n\t\t\t\t\t\t\t<\/div>\n\t\t\t\t\t\t<\/div>\n\t\t\t\t\t<\/div>\n\t\t\t\t\t\t\t\t\t\t\t\t<div class=\"qode-bct-post\">\n\t\t\t\t\t\t\t\t\t\t\t\t<div class=\"qode-bct-post-text\">\n\t\t\t\t\t\t\t<h3 class=\"qode-bct-post-title entry_title\" itemprop=\"name\">\n\t\t\t\t\t\t\t\t<a href=\"https:\/\/ticosoftcr.com\/polykret-dev\/2025\/08\/05\/zoneline-traffic-zone-marking-paint\/\" itemprop=\"url\">Zoneline traffic &#8211; Zone marking paint<\/a>\n\t\t\t\t\t\t\t<\/h3>\n\t\t\t\t\t\t\t\t\t\t\t\t\t\t<p itemprop=\"description\" class = \"qode-bct-post-excerpt\"> Zoneline\u2122 Traffic es una pintura base agua de secado r\u00e1pido, dise\u00f1ada especialmente para la demarcaci\u00f3n de zonas de tr\u00e1fico peatonal o vehicular en interiores y exteriores. Formulada con pol\u00edmeros acr\u00edlicos de alto desempe\u00f1o, ofrece excelente adherencia, durabilidad y visibilidad, lo que la convierte en una...<\/p>\n\t\t\t\t\t\t\t<div class=\"qode-bct-post-date entry_date updated\" itemprop=\"dateCreated\">\n\t\t\t\t\t\t\t\t05\/08\/2025\t\t\t\t\t\t\t\t<meta itemprop=\"interactionCount\" content=\"UserComments: 0\"\/>\n\t\t\t\t\t\t\t<\/div>\n\t\t\t\t\t\t<\/div>\n\t\t\t\t\t<\/div>\n\t\t\t\t\t<\/div>\n\t\t<\/div>\n\t<\/div>\t\t\t\t<\/div>\n\t\t\t\t<\/div>\n\t\t\t\t\t<\/div>\n\t\t\t\t<\/div>\n\t\t\t\t<\/div>\n\t\t","protected":false},"excerpt":{"rendered":"<p>PPG es una de las compa\u00f1\u00edas l\u00edderes a nivel mundial en pinturas, recubrimientos y materiales especializados, con m\u00e1s de 140 a\u00f1os de trayectoria. Reconocida por su innovaci\u00f3n y calidad, PPG ofrece soluciones avanzadas para sectores como la construcci\u00f3n, la industria, la automoci\u00f3n, la aviaci\u00f3n y&#8230;<\/p>\n","protected":false},"author":1,"featured_media":0,"parent":0,"menu_order":0,"comment_status":"closed","ping_status":"closed","template":"","meta":{"footnotes":""},"class_list":["post-16124","page","type-page","status-publish","hentry"],"aioseo_notices":[],"_links":{"self":[{"href":"https:\/\/ticosoftcr.com\/polykret-dev\/wp-json\/wp\/v2\/pages\/16124","targetHints":{"allow":["GET"]}}],"collection":[{"href":"https:\/\/ticosoftcr.com\/polykret-dev\/wp-json\/wp\/v2\/pages"}],"about":[{"href":"https:\/\/ticosoftcr.com\/polykret-dev\/wp-json\/wp\/v2\/types\/page"}],"author":[{"embeddable":true,"href":"https:\/\/ticosoftcr.com\/polykret-dev\/wp-json\/wp\/v2\/users\/1"}],"replies":[{"embeddable":true,"href":"https:\/\/ticosoftcr.com\/polykret-dev\/wp-json\/wp\/v2\/comments?post=16124"}],"version-history":[{"count":4,"href":"https:\/\/ticosoftcr.com\/polykret-dev\/wp-json\/wp\/v2\/pages\/16124\/revisions"}],"predecessor-version":[{"id":16342,"href":"https:\/\/ticosoftcr.com\/polykret-dev\/wp-json\/wp\/v2\/pages\/16124\/revisions\/16342"}],"wp:attachment":[{"href":"https:\/\/ticosoftcr.com\/polykret-dev\/wp-json\/wp\/v2\/media?parent=16124"}],"curies":[{"name":"wp","href":"https:\/\/api.w.org\/{rel}","templated":true}]}}