{"id":16127,"date":"2025-08-05T02:26:27","date_gmt":"2025-08-05T02:26:27","guid":{"rendered":"https:\/\/ticosoftcr.com\/polykret-dev\/?page_id=16127"},"modified":"2025-08-05T05:19:51","modified_gmt":"2025-08-05T05:19:51","slug":"comex","status":"publish","type":"page","link":"https:\/\/ticosoftcr.com\/polykret-dev\/comex\/","title":{"rendered":"COMEX"},"content":{"rendered":"\t\t<div data-elementor-type=\"wp-page\" data-elementor-id=\"16127\" class=\"elementor elementor-16127\">\n\t\t\t\t<div class=\"elementor-element elementor-element-95661b3 e-flex e-con-boxed parallax_section_no qode_elementor_container_no e-con e-parent\" data-id=\"95661b3\" data-element_type=\"container\">\n\t\t\t\t\t<div class=\"e-con-inner\">\n\t\t<div class=\"elementor-element elementor-element-90a7da7 e-con-full e-flex parallax_section_no qode_elementor_container_no e-con e-child\" data-id=\"90a7da7\" data-element_type=\"container\">\n\t\t\t\t<div class=\"elementor-element elementor-element-4531477 elementor-widget elementor-widget-image\" data-id=\"4531477\" data-element_type=\"widget\" data-widget_type=\"image.default\">\n\t\t\t\t\t\t\t\t\t\t\t\t\t\t\t<img fetchpriority=\"high\" decoding=\"async\" width=\"456\" height=\"234\" src=\"https:\/\/ticosoftcr.com\/polykret-dev\/wp-content\/uploads\/2025\/08\/logo_comex.png\" class=\"attachment-large size-large wp-image-16182\" alt=\"logo_comex\" srcset=\"https:\/\/ticosoftcr.com\/polykret-dev\/wp-content\/uploads\/2025\/08\/logo_comex.png 456w, https:\/\/ticosoftcr.com\/polykret-dev\/wp-content\/uploads\/2025\/08\/logo_comex-300x154.png 300w\" sizes=\"(max-width: 456px) 100vw, 456px\" \/>\t\t\t\t\t\t\t\t\t\t\t\t\t\t\t<\/div>\n\t\t\t\t<\/div>\n\t\t<div class=\"elementor-element elementor-element-c1087b8 e-con-full e-flex parallax_section_no qode_elementor_container_no e-con e-child\" data-id=\"c1087b8\" data-element_type=\"container\">\n\t\t\t\t<div class=\"elementor-element elementor-element-ffb681b elementor-widget elementor-widget-text-editor\" data-id=\"ffb681b\" data-element_type=\"widget\" data-widget_type=\"text-editor.default\">\n\t\t\t\t\t\t\t\t\t<p><strong data-start=\"163\" data-end=\"172\">COMEX<\/strong>, una marca del grupo PPG, es l\u00edder en soluciones de recubrimiento en M\u00e9xico y Am\u00e9rica Latina. Con una trayectoria s\u00f3lida en el desarrollo de <strong data-start=\"314\" data-end=\"376\">pinturas, impermeabilizantes y recubrimientos industriales<\/strong>, COMEX se distingue por su enfoque en la <strong data-start=\"418\" data-end=\"470\">innovaci\u00f3n, rendimiento t\u00e9cnico y sostenibilidad<\/strong>. Su portafolio abarca desde productos arquitect\u00f3nicos hasta sistemas de protecci\u00f3n de alto desempe\u00f1o para infraestructura, industria, transporte y energ\u00eda. Con una red extensa de distribuci\u00f3n y soporte t\u00e9cnico, COMEX es sin\u00f3nimo de calidad, durabilidad y respaldo profesional en todo tipo de proyectos.<\/p>\t\t\t\t\t\t\t\t<\/div>\n\t\t\t\t<\/div>\n\t\t\t\t\t<\/div>\n\t\t\t\t<\/div>\n\t\t<div class=\"elementor-element elementor-element-0eda499 e-flex e-con-boxed parallax_section_no qode_elementor_container_no e-con e-parent\" data-id=\"0eda499\" data-element_type=\"container\">\n\t\t\t\t\t<div class=\"e-con-inner\">\n\t\t\t\t<div class=\"elementor-element elementor-element-cc3154a elementor-widget elementor-widget-bridge_blog_carousel_titled\" data-id=\"cc3154a\" data-element_type=\"widget\" data-widget_type=\"bridge_blog_carousel_titled.default\">\n\t\t\t\t<div class=\"elementor-widget-container\">\n\t\t\t\t\t<div class=\"qode-blog-carousel-titled\" >\n\t<div class=\"qode-bct-title-holder\" >\n\t\t<a class=\"qode-bct-caroufredsel-prev\" href=\"#\">\n\t\t\t<span class=\"qode-bct-caroufredsel-nav-inner\">\n\t\t\t\t<span class=\"qode-bct-caroufredsel-nav-icon-holder\">\n\t\t\t\t\t<span class=\"arrow_carrot-left\"><\/span>\n\t\t\t\t<\/span>\n\t\t\t<\/span>\n\t\t<\/a>\n\t\t\t\t\t\t\t\t<h3>\n\t\t\t\t\t\tProductos\t\t\t\t\t<\/h3>\n\t\t\t\t<a class=\"qode-bct-caroufredsel-next\" href=\"#\">\n\t\t<span class=\"qode-bct-caroufredsel-nav-inner\">\n\t\t\t<span class=\"qode-bct-caroufredsel-nav-icon-holder\">\n\t\t\t\t<span class=\"arrow_carrot-right\"><\/span>\n\t\t\t<\/span>\n\t\t<\/span>\n\t<\/a>\n\t<\/div>\n\t\t\t<div class=\"qode-bct-posts-holder\">\n\t\t<div class=\"qode-bct-posts\">\n\t\t\t\t\t\t\t\t\t\t\t\t<div class=\"qode-bct-post\">\n\t\t\t\t\t\t\t\t\t\t\t\t<div class=\"qode-bct-post-text\">\n\t\t\t\t\t\t\t<h3 class=\"qode-bct-post-title entry_title\" itemprop=\"name\">\n\t\t\t\t\t\t\t\t<a href=\"https:\/\/ticosoftcr.com\/polykret-dev\/2025\/08\/05\/u-10\/\" itemprop=\"url\">U-10<\/a>\n\t\t\t\t\t\t\t<\/h3>\n\t\t\t\t\t\t\t\t\t\t\t\t\t\t<p itemprop=\"description\" class = \"qode-bct-post-excerpt\"> \u00a0 U-10 Recubrimiento de Poliuretano de Altos S\u00f3lidos es un recubrimiento poliuretano acr\u00edlico-alif\u00e1tico bicomponente, dise\u00f1ado para ofrecer un acabado brillante de alto desempe\u00f1o, con excelente resistencia a la intemperie, abrasi\u00f3n, productos qu\u00edmicos y agentes agresivos. Gracias a su alto contenido de s\u00f3lidos y bajo contenido...<\/p>\n\t\t\t\t\t\t\t<div class=\"qode-bct-post-date entry_date updated\" itemprop=\"dateCreated\">\n\t\t\t\t\t\t\t\t05\/08\/2025\t\t\t\t\t\t\t\t<meta itemprop=\"interactionCount\" content=\"UserComments: 0\"\/>\n\t\t\t\t\t\t\t<\/div>\n\t\t\t\t\t\t<\/div>\n\t\t\t\t\t<\/div>\n\t\t\t\t\t<\/div>\n\t\t<\/div>\n\t<\/div>\t\t\t\t<\/div>\n\t\t\t\t<\/div>\n\t\t\t\t\t<\/div>\n\t\t\t\t<\/div>\n\t\t\t\t<\/div>\n\t\t","protected":false},"excerpt":{"rendered":"<p>COMEX, una marca del grupo PPG, es l\u00edder en soluciones de recubrimiento en M\u00e9xico y Am\u00e9rica Latina. Con una trayectoria s\u00f3lida en el desarrollo de pinturas, impermeabilizantes y recubrimientos industriales, COMEX se distingue por su enfoque en la innovaci\u00f3n, rendimiento t\u00e9cnico y sostenibilidad. Su portafolio&#8230;<\/p>\n","protected":false},"author":1,"featured_media":0,"parent":0,"menu_order":0,"comment_status":"closed","ping_status":"closed","template":"","meta":{"footnotes":""},"class_list":["post-16127","page","type-page","status-publish","hentry"],"aioseo_notices":[],"_links":{"self":[{"href":"https:\/\/ticosoftcr.com\/polykret-dev\/wp-json\/wp\/v2\/pages\/16127","targetHints":{"allow":["GET"]}}],"collection":[{"href":"https:\/\/ticosoftcr.com\/polykret-dev\/wp-json\/wp\/v2\/pages"}],"about":[{"href":"https:\/\/ticosoftcr.com\/polykret-dev\/wp-json\/wp\/v2\/types\/page"}],"author":[{"embeddable":true,"href":"https:\/\/ticosoftcr.com\/polykret-dev\/wp-json\/wp\/v2\/users\/1"}],"replies":[{"embeddable":true,"href":"https:\/\/ticosoftcr.com\/polykret-dev\/wp-json\/wp\/v2\/comments?post=16127"}],"version-history":[{"count":4,"href":"https:\/\/ticosoftcr.com\/polykret-dev\/wp-json\/wp\/v2\/pages\/16127\/revisions"}],"predecessor-version":[{"id":16345,"href":"https:\/\/ticosoftcr.com\/polykret-dev\/wp-json\/wp\/v2\/pages\/16127\/revisions\/16345"}],"wp:attachment":[{"href":"https:\/\/ticosoftcr.com\/polykret-dev\/wp-json\/wp\/v2\/media?parent=16127"}],"curies":[{"name":"wp","href":"https:\/\/api.w.org\/{rel}","templated":true}]}}