{"id":16131,"date":"2025-08-05T02:27:17","date_gmt":"2025-08-05T02:27:17","guid":{"rendered":"https:\/\/ticosoftcr.com\/polykret-dev\/?page_id=16131"},"modified":"2025-08-05T05:22:05","modified_gmt":"2025-08-05T05:22:05","slug":"meadows-inc","status":"publish","type":"page","link":"https:\/\/ticosoftcr.com\/polykret-dev\/meadows-inc\/","title":{"rendered":"Meadows INC"},"content":{"rendered":"\t\t<div data-elementor-type=\"wp-page\" data-elementor-id=\"16131\" class=\"elementor elementor-16131\">\n\t\t\t\t<div class=\"elementor-element elementor-element-b6d4aa7 e-flex e-con-boxed parallax_section_no qode_elementor_container_no e-con e-parent\" data-id=\"b6d4aa7\" data-element_type=\"container\">\n\t\t\t\t\t<div class=\"e-con-inner\">\n\t\t<div class=\"elementor-element elementor-element-d24e371 e-con-full e-flex parallax_section_no qode_elementor_container_no e-con e-child\" data-id=\"d24e371\" data-element_type=\"container\">\n\t\t\t\t<div class=\"elementor-element elementor-element-0d640c3 elementor-widget elementor-widget-image\" data-id=\"0d640c3\" data-element_type=\"widget\" data-widget_type=\"image.default\">\n\t\t\t\t\t\t\t\t\t\t\t\t\t\t\t<img decoding=\"async\" width=\"263\" height=\"160\" src=\"https:\/\/ticosoftcr.com\/polykret-dev\/wp-content\/uploads\/2025\/08\/logo_medows.jpeg\" class=\"attachment-large size-large wp-image-16160\" alt=\"logo_medows\" \/>\t\t\t\t\t\t\t\t\t\t\t\t\t\t\t<\/div>\n\t\t\t\t<\/div>\n\t\t<div class=\"elementor-element elementor-element-34a4b8a e-con-full e-flex parallax_section_no qode_elementor_container_no e-con e-child\" data-id=\"34a4b8a\" data-element_type=\"container\">\n\t\t\t\t<div class=\"elementor-element elementor-element-feeb0e9 elementor-widget elementor-widget-text-editor\" data-id=\"feeb0e9\" data-element_type=\"widget\" data-widget_type=\"text-editor.default\">\n\t\t\t\t\t\t\t\t\t<p><strong data-start=\"159\" data-end=\"176\">W. R. MEADOWS<\/strong> es una empresa estadounidense con m\u00e1s de 95 a\u00f1os de experiencia en la fabricaci\u00f3n de productos de construcci\u00f3n de alto rendimiento. Reconocida por su liderazgo en <strong data-start=\"340\" data-end=\"432\">selladores, membranas impermeabilizantes, productos para curado y reparaci\u00f3n de concreto<\/strong>, MEADOWS ofrece soluciones duraderas y sustentables para obras civiles, industriales y comerciales. Sus sistemas est\u00e1n dise\u00f1ados para mejorar la integridad estructural, extender la vida \u00fatil de los materiales y cumplir con los m\u00e1s exigentes est\u00e1ndares t\u00e9cnicos y ambientales. Es una marca de referencia en protecci\u00f3n, restauraci\u00f3n y control de humedad en estructuras de concreto.<\/p>\t\t\t\t\t\t\t\t<\/div>\n\t\t\t\t<\/div>\n\t\t\t\t\t<\/div>\n\t\t\t\t<\/div>\n\t\t<div class=\"elementor-element elementor-element-c4ac84a e-flex e-con-boxed parallax_section_no qode_elementor_container_no e-con e-parent\" data-id=\"c4ac84a\" data-element_type=\"container\">\n\t\t\t\t\t<div class=\"e-con-inner\">\n\t\t\t\t<div class=\"elementor-element elementor-element-4a22f0a elementor-widget elementor-widget-bridge_blog_carousel_titled\" data-id=\"4a22f0a\" data-element_type=\"widget\" data-widget_type=\"bridge_blog_carousel_titled.default\">\n\t\t\t\t<div class=\"elementor-widget-container\">\n\t\t\t\t\t<div class=\"qode-blog-carousel-titled\" >\n\t<div class=\"qode-bct-title-holder\" >\n\t\t<a class=\"qode-bct-caroufredsel-prev\" href=\"#\">\n\t\t\t<span class=\"qode-bct-caroufredsel-nav-inner\">\n\t\t\t\t<span class=\"qode-bct-caroufredsel-nav-icon-holder\">\n\t\t\t\t\t<span class=\"arrow_carrot-left\"><\/span>\n\t\t\t\t<\/span>\n\t\t\t<\/span>\n\t\t<\/a>\n\t\t\t\t\t\t\t\t<h3>\n\t\t\t\t\t\tProductos\t\t\t\t\t<\/h3>\n\t\t\t\t<a class=\"qode-bct-caroufredsel-next\" href=\"#\">\n\t\t<span class=\"qode-bct-caroufredsel-nav-inner\">\n\t\t\t<span class=\"qode-bct-caroufredsel-nav-icon-holder\">\n\t\t\t\t<span class=\"arrow_carrot-right\"><\/span>\n\t\t\t<\/span>\n\t\t<\/span>\n\t<\/a>\n\t<\/div>\n\t\t\t<div class=\"qode-bct-posts-holder\">\n\t\t<div class=\"qode-bct-posts\">\n\t\t\t\t\t\t\t\t\t\t\t\t<div class=\"qode-bct-post\">\n\t\t\t\t\t\t\t\t\t\t\t\t<div class=\"qode-bct-post-text\">\n\t\t\t\t\t\t\t<h3 class=\"qode-bct-post-title entry_title\" itemprop=\"name\">\n\t\t\t\t\t\t\t\t<a href=\"https:\/\/ticosoftcr.com\/polykret-dev\/2025\/08\/05\/rezi%e2%80%91weld-tm-flex\/\" itemprop=\"url\">Rezi\u2011weld TM Flex<\/a>\n\t\t\t\t\t\t\t<\/h3>\n\t\t\t\t\t\t\t\t\t\t\t\t\t\t<p itemprop=\"description\" class = \"qode-bct-post-excerpt\"> REZI-WELD\u2122 FLEX es un relleno ep\u00f3xico semirr\u00edgido de dos componentes, de consistencia vertible y alta resistencia, formulado para juntas de corte de sierra y construcci\u00f3n en pisos de concreto. Es insensible a la humedad, presenta autonivelaci\u00f3n y una excelente durabilidad ante cargas pesadas y tr\u00e1fico...<\/p>\n\t\t\t\t\t\t\t<div class=\"qode-bct-post-date entry_date updated\" itemprop=\"dateCreated\">\n\t\t\t\t\t\t\t\t05\/08\/2025\t\t\t\t\t\t\t\t<meta itemprop=\"interactionCount\" content=\"UserComments: 0\"\/>\n\t\t\t\t\t\t\t<\/div>\n\t\t\t\t\t\t<\/div>\n\t\t\t\t\t<\/div>\n\t\t\t\t\t<\/div>\n\t\t<\/div>\n\t<\/div>\t\t\t\t<\/div>\n\t\t\t\t<\/div>\n\t\t\t\t\t<\/div>\n\t\t\t\t<\/div>\n\t\t\t\t<\/div>\n\t\t","protected":false},"excerpt":{"rendered":"<p>W. R. MEADOWS es una empresa estadounidense con m\u00e1s de 95 a\u00f1os de experiencia en la fabricaci\u00f3n de productos de construcci\u00f3n de alto rendimiento. Reconocida por su liderazgo en selladores, membranas impermeabilizantes, productos para curado y reparaci\u00f3n de concreto, MEADOWS ofrece soluciones duraderas y sustentables&#8230;<\/p>\n","protected":false},"author":1,"featured_media":0,"parent":0,"menu_order":0,"comment_status":"closed","ping_status":"closed","template":"","meta":{"footnotes":""},"class_list":["post-16131","page","type-page","status-publish","hentry"],"aioseo_notices":[],"_links":{"self":[{"href":"https:\/\/ticosoftcr.com\/polykret-dev\/wp-json\/wp\/v2\/pages\/16131","targetHints":{"allow":["GET"]}}],"collection":[{"href":"https:\/\/ticosoftcr.com\/polykret-dev\/wp-json\/wp\/v2\/pages"}],"about":[{"href":"https:\/\/ticosoftcr.com\/polykret-dev\/wp-json\/wp\/v2\/types\/page"}],"author":[{"embeddable":true,"href":"https:\/\/ticosoftcr.com\/polykret-dev\/wp-json\/wp\/v2\/users\/1"}],"replies":[{"embeddable":true,"href":"https:\/\/ticosoftcr.com\/polykret-dev\/wp-json\/wp\/v2\/comments?post=16131"}],"version-history":[{"count":4,"href":"https:\/\/ticosoftcr.com\/polykret-dev\/wp-json\/wp\/v2\/pages\/16131\/revisions"}],"predecessor-version":[{"id":16348,"href":"https:\/\/ticosoftcr.com\/polykret-dev\/wp-json\/wp\/v2\/pages\/16131\/revisions\/16348"}],"wp:attachment":[{"href":"https:\/\/ticosoftcr.com\/polykret-dev\/wp-json\/wp\/v2\/media?parent=16131"}],"curies":[{"name":"wp","href":"https:\/\/api.w.org\/{rel}","templated":true}]}}